{"id":11,"date":"2017-05-29T15:29:24","date_gmt":"2017-05-29T13:29:24","guid":{"rendered":"https:\/\/wms-engineering.de\/?page_id=11"},"modified":"2025-01-15T14:38:14","modified_gmt":"2025-01-15T13:38:14","slug":"startseite","status":"publish","type":"page","link":"https:\/\/wms-engineering.de\/fr\/","title":{"rendered":"Startseite"},"content":{"rendered":"<div class=\"uk-grid\" data-uk-grid-margin><div class=\"uk-width-medium-1-2\"><\/p>\n<h3>Offres d&#8217;emplois<\/h3>\n<p><img decoding=\"async\" class=\"alignnone wp-image-3401 size-full\" src=\"https:\/\/wms-engineering.de\/wp-content\/uploads\/2023\/11\/stellenangebote-wms-engineering-uebersicht.jpg\" alt=\"\" width=\"700\" height=\"467\" \/><\/p>\n<p>Nous grandissons en permanence, au rythme de nos exigences. C&#8217;est ce qui fait que nous recherchons r\u00e9guli\u00e8rement des coll\u00e8gues qui souhaitent faire, avec nous, bouger les choses.<\/p>\n<p><a class=\"uk-button\" href=\"\/fr\/kategorie\/stellenangebote\/\">Lire la suite<\/a><\/p>\n<p>\n<\/div>\n<div class=\"uk-width-medium-1-2\"><\/p>\n<h3>\u00c9bavurage<\/h3>\n<p><img decoding=\"async\" class=\"alignnone wp-image-168 size-full\" src=\"https:\/\/wms-engineering.de\/wp-content\/uploads\/sites\/4\/2017\/05\/wms_index_entgraten_p.jpg\" alt=\"WMS Entgraten\" width=\"700\" height=\"467\" srcset=\"https:\/\/wms-engineering.de\/fr\/wp-content\/uploads\/sites\/4\/2017\/05\/wms_index_entgraten_p.jpg 700w, https:\/\/wms-engineering.de\/fr\/wp-content\/uploads\/sites\/4\/2017\/05\/wms_index_entgraten_p-300x200.jpg 300w\" sizes=\"(max-width: 700px) 100vw, 700px\" \/><\/p>\n<p>Que signifie \u00e9bavurer, quels sont les diff\u00e9rents types de bavures, quels sont les diff\u00e9rents proc\u00e9d\u00e9s d&#8217;\u00e9bavurage et quel proc\u00e9d\u00e9 utilise WMS?<\/p>\n<p><a class=\"uk-button\" href=\"\/fr\/entgraten\/\">Lire la suite<\/a><\/p>\n<p>\n<\/div><\/div>\n<div class=\"uk-grid\" data-uk-grid-margin><div class=\"uk-width-medium-1-2\"><\/p>\n<h3>Automatisation<\/h3>\n<p><img decoding=\"async\" class=\"alignnone size-full wp-image-1272\" src=\"https:\/\/wms-engineering.de\/fr\/wp-content\/uploads\/sites\/4\/2021\/01\/automation_wms_uebersicht.jpg\" alt=\"WMS Rapid Prototyping\" width=\"700\" height=\"467\" \/><\/p>\n<p>Commencez l\u2019avenir d\u00e8s aujourd\u2019hui ! L\u2019industrie 4.0 et l\u2019IIoT (Industrial Internet of Things) font depuis longtemps partie int\u00e9grante des cha\u00eenes de production modernes.<\/p>\n<p><a class=\"uk-button\" href=\"\/fr\/automatisation\">Lire la suite<\/a><\/p>\n<p>\n<\/div>\n<div class=\"uk-width-medium-1-2\"><\/p>\n<h3>Interlocuteurs<\/h3>\n<p><img decoding=\"async\" class=\"alignnone wp-image-173 size-full\" src=\"https:\/\/wms-engineering.de\/wp-content\/uploads\/sites\/4\/2017\/05\/wms_index_ansprechpartner_p.jpg\" alt=\"WMS Ansprechpartner\" width=\"700\" height=\"467\" srcset=\"https:\/\/wms-engineering.de\/fr\/wp-content\/uploads\/sites\/4\/2017\/05\/wms_index_ansprechpartner_p.jpg 700w, https:\/\/wms-engineering.de\/fr\/wp-content\/uploads\/sites\/4\/2017\/05\/wms_index_ansprechpartner_p-300x200.jpg 300w\" sizes=\"(max-width: 700px) 100vw, 700px\" \/><\/p>\n<p>Vous avez des questions concernant nos produits et nos prestations, vous avez des difficult\u00e9s ou des anomalies sur une machine?<\/p>\n<p><a class=\"uk-button\" href=\"https:\/\/wms-engineering.de\/fr\/interlocuteurs\/\">Lire la suite<\/a><\/p>\n<p>\n<\/div><\/div>\n<div class=\"uk-grid\" data-uk-grid-margin><div class=\"uk-width-medium-1-2\"><\/p>\n<h3>Formation<\/h3>\n<p><img decoding=\"async\" class=\"alignnone wp-image-3410 size-full\" src=\"https:\/\/wms-engineering.de\/wp-content\/uploads\/2023\/11\/ausbildung-wms-engineering.jpg\" alt=\"\" width=\"700\" height=\"467\" \/><\/p>\n<p>Nous unissons l\u2019int\u00e9r\u00eat manifest\u00e9 par nos futurs personnels qualifi\u00e9s et cadres \u00e0 l\u2019exp\u00e9rience et au savoir-faire de nos collaborateurs qualifi\u00e9s.<\/p>\n<p><a class=\"uk-button\" href=\"https:\/\/wms-engineering.de\/fr\/ausbildung\/\">Lire la suite<\/a><\/p>\n<p>\n<\/div>\n<div class=\"uk-width-medium-1-2\"><\/p>\n<h3>Identifiants<\/h3>\n<p><img decoding=\"async\" class=\"alignnone wp-image-790 size-full\" src=\"https:\/\/wms-engineering.de\/wp-content\/uploads\/sites\/4\/2017\/05\/wms_referenzen_index_2.jpg\" alt=\"WMS Referenzen\" width=\"700\" height=\"467\" srcset=\"https:\/\/wms-engineering.de\/fr\/wp-content\/uploads\/sites\/4\/2017\/05\/wms_referenzen_index_2.jpg 700w, https:\/\/wms-engineering.de\/fr\/wp-content\/uploads\/sites\/4\/2017\/05\/wms_referenzen_index_2-300x200.jpg 300w\" sizes=\"(max-width: 700px) 100vw, 700px\" \/><\/p>\n<p>BMW, Bosch, Daimler, John Deere, pour ne citer que quelques entreprises, font d\u00e9j\u00e0 confiance \u00e0 nos syst\u00e8mes.<\/p>\n<p><a class=\"uk-button\" href=\"https:\/\/wms-engineering.de\/fr\/referenzen\/\">Lire la suite<\/a><\/p>\n<p>\n<\/div><\/div>\n","protected":false},"excerpt":{"rendered":"","protected":false},"author":1,"featured_media":0,"parent":0,"menu_order":0,"comment_status":"closed","ping_status":"closed","template":"landing.php","meta":{"footnotes":""},"aioseo_notices":[],"_links":{"self":[{"href":"https:\/\/wms-engineering.de\/fr\/wp-json\/wp\/v2\/pages\/11"}],"collection":[{"href":"https:\/\/wms-engineering.de\/fr\/wp-json\/wp\/v2\/pages"}],"about":[{"href":"https:\/\/wms-engineering.de\/fr\/wp-json\/wp\/v2\/types\/page"}],"author":[{"embeddable":true,"href":"https:\/\/wms-engineering.de\/fr\/wp-json\/wp\/v2\/users\/1"}],"replies":[{"embeddable":true,"href":"https:\/\/wms-engineering.de\/fr\/wp-json\/wp\/v2\/comments?post=11"}],"version-history":[{"count":5,"href":"https:\/\/wms-engineering.de\/fr\/wp-json\/wp\/v2\/pages\/11\/revisions"}],"predecessor-version":[{"id":2431,"href":"https:\/\/wms-engineering.de\/fr\/wp-json\/wp\/v2\/pages\/11\/revisions\/2431"}],"wp:attachment":[{"href":"https:\/\/wms-engineering.de\/fr\/wp-json\/wp\/v2\/media?parent=11"}],"curies":[{"name":"wp","href":"https:\/\/api.w.org\/{rel}","templated":true}]}}