{"id":381,"date":"2017-07-09T17:27:52","date_gmt":"2017-07-09T15:27:52","guid":{"rendered":"https:\/\/wms-engineering.de\/?page_id=381"},"modified":"2020-04-21T08:43:39","modified_gmt":"2020-04-21T06:43:39","slug":"fraeswerkzeuge","status":"publish","type":"page","link":"https:\/\/wms-engineering.de\/fr\/fraeswerkzeuge\/","title":{"rendered":"Outils de fraisage"},"content":{"rendered":"<h3>Broche porte-fraise 30e<\/h3>\n<p>Le moteur pneumatique est mont\u00e9 de sorte \u00e0 pouvoir s&#8217;abaisser de fa\u00e7on flexible dans deux directions. La r\u00e9initialisation de la d\u00e9flexion s&#8217;effectue pneumatiquement, les deux axes pouvant \u00eatre activ\u00e9s s\u00e9par\u00e9ment l&#8217;un de l&#8217;autre. En cas de besoin, un axe peut \u00eatre enti\u00e8rement bloqu\u00e9 \u00e0 l&#8217;aide d&#8217;un composant compl\u00e9mentaire simple. L&#8217;air sortant est collect\u00e9 et r\u00e9achemin\u00e9. Une surveillance \u00e9lectronique de la vitesse de rotation est possible.<\/p>\n<div class=\"uk-grid\" data-uk-grid-margin><div class=\"uk-width-medium-1-2\"><\/p>\n<p><img decoding=\"async\" class=\"alignnone size-full wp-image-228\" src=\"https:\/\/wms-engineering.de\/wp-content\/uploads\/sites\/4\/2017\/06\/WMS_werkzeug_30e.jpg\" alt=\"WMS Werkzeug 30e\" width=\"550\" height=\"450\" srcset=\"https:\/\/wms-engineering.de\/fr\/wp-content\/uploads\/sites\/4\/2017\/06\/WMS_werkzeug_30e.jpg 550w, https:\/\/wms-engineering.de\/fr\/wp-content\/uploads\/sites\/4\/2017\/06\/WMS_werkzeug_30e-300x245.jpg 300w\" sizes=\"(max-width: 550px) 100vw, 550px\" \/><\/p>\n<p>\n<\/div>\n<div class=\"uk-width-medium-1-2\"><\/p>\n<p><strong>Caract\u00e9ristiques techniques<\/strong><\/p>\n<p><div class=\"wert-1\">Mod\u00e8le:<\/div>IRT-FS350<br \/>\n<div class=\"wert-1\">R\u00e9f\u00e9rence:<\/div>102383<br \/>\n<div class=\"wert-1\">D\u00e9signation:<\/div>Broche porte-fraise pneumatique 30e<br \/>\n<div class=\"wert-1\">Inserts d&#039;outils:<\/div>Diff\u00e9rentes fraises<br \/>\n<div class=\"wert-1\">Entra\u00eenement:<\/div>Moteur pneumatique<br \/>\n<div class=\"wert-1\">Puissance:<\/div>300 Watt<br \/>\n<div class=\"wert-1\">Vitesse de rotation:<\/div>35.000 tr\/mn<br \/>\n<div class=\"wert-1\">Niveau de bruit:<\/div>75 dBA<br \/>\n<div class=\"wert-1\">Consommation d&#039;\u00e9nergie:<\/div>500 l\/mn<br \/>\n<div class=\"wert-1\">Poids:<\/div>6 kg<br \/>\n<div class=\"wert-1\">Options:<\/div>Contr\u00f4le de rupture, surveillance de la vitesse de rotation<\/p>\n<p><strong>Accessoires<\/strong><\/p>\n<p>Pinces de serrage, type ER\/ESX11, plage de serrage -0,5 mm, \u00d8 1 mm \u2013 \u00d8 7 mm<\/p>\n<p>\n<\/div><\/div>\n<p>&nbsp;<\/p>\n<h3>Broche porte-fraise 30r<\/h3>\n<p>Le moteur pneumatique est mont\u00e9 de sorte \u00e0 pouvoir s&#8217;abaisser de fa\u00e7on flexible dans deux directions. La r\u00e9initialisation de la d\u00e9flexion s&#8217;effectue pneumatiquement. Les axes peuvent \u00eatre activ\u00e9s s\u00e9par\u00e9ment l&#8217;un de l&#8217;autre et, ainsi, bloqu\u00e9s en cons\u00e9quence en fonction de l&#8217;usinage, en cas de besoin. Un axe peut \u00e9galement \u00eatre bloqu\u00e9 de fa\u00e7on permanente par l&#8217;interm\u00e9diaire d&#8217;un composant compl\u00e9mentaire simple. L&#8217;air sortant est collect\u00e9 et r\u00e9achemin\u00e9. La vitesse de rotation peut \u00eatre surveill\u00e9e \u00e9lectroniquement. On utilise des fraises sur tige d&#8217;un diam\u00e8tre max. de 3 mm, de m\u00eame que des \u00e9l\u00e9ments abrasifs \u00e0 profiler.<\/p>\n<div class=\"uk-grid\" data-uk-grid-margin><div class=\"uk-width-medium-1-2\"><\/p>\n<p><img decoding=\"async\" class=\"alignnone size-full wp-image-229\" src=\"https:\/\/wms-engineering.de\/wp-content\/uploads\/sites\/4\/2017\/06\/WMS_werkzeug_30r.jpg\" alt=\"WMS Werkzeug 30r\" width=\"550\" height=\"450\" srcset=\"https:\/\/wms-engineering.de\/fr\/wp-content\/uploads\/sites\/4\/2017\/06\/WMS_werkzeug_30r.jpg 550w, https:\/\/wms-engineering.de\/fr\/wp-content\/uploads\/sites\/4\/2017\/06\/WMS_werkzeug_30r-300x245.jpg 300w\" sizes=\"(max-width: 550px) 100vw, 550px\" \/><\/p>\n<p>\n<\/div>\n<div class=\"uk-width-medium-1-2\"><\/p>\n<p><strong>Caract\u00e9ristiques techniques<\/strong><\/p>\n<p><div class=\"wert-1\">Mod\u00e8le:<\/div>IRT-FS230<br \/>\n<div class=\"wert-1\">R\u00e9f\u00e9rence:<\/div> 120767<br \/>\n<div class=\"wert-1\">D\u00e9signation:<\/div>Broche porte-fraise pneumatique 30r<br \/>\n<div class=\"wert-1\">Inserts d&#039;outils:<\/div>Diff\u00e9rentes fraises<br \/>\n<div class=\"wert-1\">Entra\u00eenement:<\/div>Moteur pneumatique<br \/>\n<div class=\"wert-1\">Puissance:<\/div> 380 Watt<br \/>\n<div class=\"wert-1\">Vitesse de rotation:<\/div>23.000 tr\/mn<br \/>\n<div class=\"wert-1\">Niveau de bruit:<\/div>75 dBA<br \/>\n<div class=\"wert-1\">Consommation d&#039;\u00e9nergie:<\/div> 750 l\/mn<br \/>\n<div class=\"wert-1\">Poids:<\/div>4 kg<br \/>\n<div class=\"wert-1\">Options:<\/div> Contr\u00f4le de rupture, surveillance de la vitesse de rotation<\/p>\n<p><strong>Accessoires<\/strong><\/p>\n<p>Pinces de serrage, type ZG, M5 x 0.5, plage de serrage \u00d8 1 mm \u2013 \u00d8 3 mm + \u00d8 1\/8&#8243;, avec six pans<\/p>\n<p>\n<\/div><\/div>\n<p>&#8230;et beaucoup d&#8217;autres<\/p>\n<p style=\"float: left\"><a class=\"uk-button\" href=\"\/fr\/werkzeuge\/\">Aper\u00e7u<\/a><\/p>\n<p style=\"float: right\"><a class=\"uk-button\" href=\"https:\/\/wms-engineering.de\/fr\/buersten\/\">Brosses<\/a><\/p>\n","protected":false},"excerpt":{"rendered":"<p>Broche porte-fraise 30e Le moteur pneumatique est mont\u00e9 de sorte \u00e0 pouvoir s&#8217;abaisser de fa\u00e7on flexible dans deux directions. La r\u00e9initialisation de la d\u00e9flexion s&#8217;effectue pneumatiquement, les deux axes pouvant \u00eatre activ\u00e9s s\u00e9par\u00e9ment l&#8217;un de l&#8217;autre. En cas de besoin, un axe peut \u00eatre enti\u00e8rement bloqu\u00e9 \u00e0 l&#8217;aide d&#8217;un composant compl\u00e9mentaire simple. L&#8217;air sortant est [&hellip;]<\/p>\n","protected":false},"author":1,"featured_media":226,"parent":0,"menu_order":0,"comment_status":"closed","ping_status":"closed","template":"","meta":{"footnotes":""},"aioseo_notices":[],"_links":{"self":[{"href":"https:\/\/wms-engineering.de\/fr\/wp-json\/wp\/v2\/pages\/381"}],"collection":[{"href":"https:\/\/wms-engineering.de\/fr\/wp-json\/wp\/v2\/pages"}],"about":[{"href":"https:\/\/wms-engineering.de\/fr\/wp-json\/wp\/v2\/types\/page"}],"author":[{"embeddable":true,"href":"https:\/\/wms-engineering.de\/fr\/wp-json\/wp\/v2\/users\/1"}],"replies":[{"embeddable":true,"href":"https:\/\/wms-engineering.de\/fr\/wp-json\/wp\/v2\/comments?post=381"}],"version-history":[{"count":7,"href":"https:\/\/wms-engineering.de\/fr\/wp-json\/wp\/v2\/pages\/381\/revisions"}],"predecessor-version":[{"id":1832,"href":"https:\/\/wms-engineering.de\/fr\/wp-json\/wp\/v2\/pages\/381\/revisions\/1832"}],"wp:featuredmedia":[{"embeddable":true,"href":"https:\/\/wms-engineering.de\/fr\/wp-json\/wp\/v2\/media\/226"}],"wp:attachment":[{"href":"https:\/\/wms-engineering.de\/fr\/wp-json\/wp\/v2\/media?parent=381"}],"curies":[{"name":"wp","href":"https:\/\/api.w.org\/{rel}","templated":true}]}}