{"id":408,"date":"2017-07-09T18:02:48","date_gmt":"2017-07-09T16:02:48","guid":{"rendered":"https:\/\/wms-engineering.de\/?page_id=408"},"modified":"2020-04-21T08:44:42","modified_gmt":"2020-04-21T06:44:42","slug":"spezialwerkzeuge","status":"publish","type":"page","link":"https:\/\/wms-engineering.de\/fr\/spezialwerkzeuge\/","title":{"rendered":"Outils sp\u00e9ciaux"},"content":{"rendered":"<h3>Lance de soufflage<\/h3>\n<p>Pour nettoyer sommairement la pi\u00e8ce apr\u00e8s l&#8217;usinage. Cette lance permet d&#8217;enlever les copeaux adh\u00e9rents et d&#8217;\u00e9liminer \u00e9galement les r\u00e9sidus d&#8217;\u00e9mulsion. Peut \u00eatre utilis\u00e9e pour un nettoyage sommaire de la pince. Pour soufflage des trous de per\u00e7age apr\u00e8s l&#8217;\u00e9bavurage.<\/p>\n<div class=\"uk-grid\" data-uk-grid-margin><div class=\"uk-width-medium-1-2\"><\/p>\n<p><img decoding=\"async\" class=\"alignnone wp-image-233 size-full\" src=\"https:\/\/wms-engineering.de\/wp-content\/uploads\/sites\/4\/2017\/06\/WMS_werkzeug_blaslanze.jpg\" alt=\"WMS Werkzeug Blaslanze\" width=\"550\" height=\"450\" srcset=\"https:\/\/wms-engineering.de\/fr\/wp-content\/uploads\/sites\/4\/2017\/06\/WMS_werkzeug_blaslanze.jpg 550w, https:\/\/wms-engineering.de\/fr\/wp-content\/uploads\/sites\/4\/2017\/06\/WMS_werkzeug_blaslanze-300x245.jpg 300w\" sizes=\"(max-width: 550px) 100vw, 550px\" \/><\/p>\n<p>\n<\/div>\n<div class=\"uk-width-medium-1-2\"><\/p>\n<p><strong>Caract\u00e9ristiques techniques<\/strong><\/p>\n<p><div class=\"wert-1\">Mod\u00e8le:<\/div> Lance de soufflage<br \/>\n<div class=\"wert-1\">R\u00e9f\u00e9rence:<\/div> 102343<br \/>\n<div class=\"wert-1\">D\u00e9signation:<\/div> Lance de soufflage<br \/>\n<div class=\"wert-1\">Options:<\/div> La t\u00eate est adaptable individuellement<\/p>\n<p>\n<\/div><\/div>\n<p>&nbsp;<\/p>\n<h3>Outil \u00e0 rotation lente 34f<\/h3>\n<p>La broche 34f correspond essentiellement \u00e0 la broche 34c. La broche 34f diff\u00e8re de la broche 34c par le capuchon sup\u00e9rieur qui a \u00e9t\u00e9 r\u00e9alis\u00e9 sur ressort.<\/p>\n<div class=\"uk-grid\" data-uk-grid-margin><div class=\"uk-width-medium-1-2\"><\/p>\n<p><img decoding=\"async\" class=\"alignnone size-full wp-image-234\" src=\"https:\/\/wms-engineering.de\/wp-content\/uploads\/sites\/4\/2017\/06\/WMS_werkzeug_34f.jpg\" alt=\"WMS Werkzeug 34f\" width=\"550\" height=\"450\" srcset=\"https:\/\/wms-engineering.de\/fr\/wp-content\/uploads\/sites\/4\/2017\/06\/WMS_werkzeug_34f.jpg 550w, https:\/\/wms-engineering.de\/fr\/wp-content\/uploads\/sites\/4\/2017\/06\/WMS_werkzeug_34f-300x245.jpg 300w\" sizes=\"(max-width: 550px) 100vw, 550px\" \/><\/p>\n<p>\n<\/div>\n<div class=\"uk-width-medium-1-2\"><\/p>\n<p><strong>Caract\u00e9ristiques techniques<\/strong><\/p>\n<p><div class=\"wert-1\">Mod\u00e8le:<\/div> IRT-LLS200-Z<br \/>\n<div class=\"wert-1\">R\u00e9f\u00e9rence:<\/div> 113358<br \/>\n<div class=\"wert-1\">D\u00e9signation:<\/div> Outil \u00e0 rotation lente 34f<br \/>\n<div class=\"wert-1\">Inserts d&#039;outils:<\/div> Al\u00e9soirs<br \/>\n<div class=\"wert-1\">Entra\u00eenement:<\/div> Entra\u00eenement pneumatique<br \/>\n<div class=\"wert-1\">Puissance:<\/div> 300 Watt<br \/>\n<div class=\"wert-1\">Vitesse de rotation:<\/div> 1960 tr\/mn<br \/>\n<div class=\"wert-1\">Niveau de bruit:<\/div> non communiqu\u00e9<br \/>\n<div class=\"wert-1\">Consommation d&#039;\u00e9nergie:<\/div> 500 l\/mn<br \/>\n<div class=\"wert-1\">Poids:<\/div> 6 kg<\/p>\n<p><strong>Accessoires<\/strong><\/p>\n<p>Pinces de serrage, type ER\/ESX16, plage de serrage 1 mm, \u00d8 1 mm \u2013 \u00d8 10 mm<\/p>\n<p>\n<\/div><\/div>\n<p>&nbsp;<\/p>\n<h3>Outil \u00e0 rotation lente 34c<\/h3>\n<p>L&#8217;entra\u00eenement est fixe et comporte une t\u00eate pendulaire. La force de rappel peut \u00eatre modifi\u00e9e par l&#8217;interm\u00e9diaire d&#8217;une vis de r\u00e9glage se trouvant sur la face inf\u00e9rieure de la t\u00eate pendulaire. La t\u00eate pendulaire permet un d\u00e9port radial de max. 2 mm entre pince de serrage et entra\u00eenement.<\/p>\n<div class=\"uk-grid\" data-uk-grid-margin><div class=\"uk-width-medium-1-2\"><\/p>\n<p><img decoding=\"async\" class=\"alignnone size-full wp-image-238\" src=\"https:\/\/wms-engineering.de\/wp-content\/uploads\/sites\/4\/2017\/06\/WMS_werkzeug_34c.jpg\" alt=\"WMS Werkzeug 34c\" width=\"550\" height=\"450\" srcset=\"https:\/\/wms-engineering.de\/fr\/wp-content\/uploads\/sites\/4\/2017\/06\/WMS_werkzeug_34c.jpg 550w, https:\/\/wms-engineering.de\/fr\/wp-content\/uploads\/sites\/4\/2017\/06\/WMS_werkzeug_34c-300x245.jpg 300w\" sizes=\"(max-width: 550px) 100vw, 550px\" \/><\/p>\n<p>\n<\/div>\n<div class=\"uk-width-medium-1-2\"><\/p>\n<p><strong>Caract\u00e9ristiques techniques<\/strong><\/p>\n<p><div class=\"wert-1\">Mod\u00e8le:<\/div> IRT-LLSC<br \/>\n<div class=\"wert-1\">R\u00e9f\u00e9rence:<\/div> 102922<br \/>\n<div class=\"wert-1\">D\u00e9signation:<\/div> Outil \u00e0 rotation lente 34c<br \/>\n<div class=\"wert-1\">Inserts d&#039;outils:<\/div> Al\u00e9soirs<br \/>\n<div class=\"wert-1\">Entra\u00eenement:<\/div> Entra\u00eenement pneumatique<br \/>\n<div class=\"wert-1\">Puissance:<\/div> 230 Watt<br \/>\n<div class=\"wert-1\">Vitesse de rotation:<\/div> 240 tr\/mn<br \/>\n<div class=\"wert-1\">Niveau de bruit:<\/div> non communiqu\u00e9<br \/>\n<div class=\"wert-1\">Consommation d&#039;\u00e9nergie:<\/div> 500 l\/mn<br \/>\n<div class=\"wert-1\">Poids:<\/div> 6 kg<br \/>\n<div class=\"wert-1\">Options:<\/div> Surveillance de la vitesse de rotation<\/p>\n<p><strong>Accessoires<\/strong><\/p>\n<p>Pinces de serrage, type ER\/ESX11, plage de serrage -0,5 mm, \u00d8 1 mm \u2013 \u00d8 7 mm<\/p>\n<p>\n<\/div><\/div>\n<p>&nbsp;<\/p>\n<h3>Outil \u00e0 rotation lente 34h<\/h3>\n<p>Pour l&#8217;\u00e9bavurage de per\u00e7ages en avan\u00e7ant et en reculant, avec insert lame sp\u00e9cial. S&#8217;utilise la plupart du temps pour l&#8217;\u00e9bavurage en reculant et pour les per\u00e7ages pr\u00e9sentant des contours in\u00e9gaux. L&#8217;outil peut \u00eatre adapt\u00e9 individuellement \u00e0 la pi\u00e8ce par diff\u00e9rentes forces de ressorts et diff\u00e9rentes g\u00e9om\u00e9tries de lames.<\/p>\n<div class=\"uk-grid\" data-uk-grid-margin><div class=\"uk-width-medium-1-2\"><\/p>\n<p><img decoding=\"async\" class=\"alignnone size-full wp-image-236\" src=\"https:\/\/wms-engineering.de\/wp-content\/uploads\/sites\/4\/2017\/06\/WMS_werkzeug_34h.jpg\" alt=\"WMS Werkzeug 34h\" width=\"550\" height=\"450\" srcset=\"https:\/\/wms-engineering.de\/fr\/wp-content\/uploads\/sites\/4\/2017\/06\/WMS_werkzeug_34h.jpg 550w, https:\/\/wms-engineering.de\/fr\/wp-content\/uploads\/sites\/4\/2017\/06\/WMS_werkzeug_34h-300x245.jpg 300w\" sizes=\"(max-width: 550px) 100vw, 550px\" \/><\/p>\n<p>\n<\/div>\n<div class=\"uk-width-medium-1-2\"><\/p>\n<p><strong>Caract\u00e9ristiques techniques<\/strong><\/p>\n<p><div class=\"wert-1\">Mod\u00e8le:<\/div> IRT-LLSH<br \/>\n<div class=\"wert-1\">R\u00e9f\u00e9rence:<\/div> 113900<br \/>\n<div class=\"wert-1\">D\u00e9signation:<\/div> Outil \u00e0 rotation lente 34h<br \/>\n<div class=\"wert-1\">Inserts d&#039;outils:<\/div> Outils sp\u00e9ciaux<br \/>\n<div class=\"wert-1\">Entra\u00eenement:<\/div> Entra\u00eenement pneumatique<br \/>\n<div class=\"wert-1\">Puissance:<\/div> 230 Watt<br \/>\n<div class=\"wert-1\">Vitesse de rotation:<\/div> 200 \u2013 500 tr\/mn<br \/>\n<div class=\"wert-1\">Niveau de bruit:<\/div> non communiqu\u00e9<br \/>\n<div class=\"wert-1\">Consommation d&#039;\u00e9nergie:<\/div> 500 l\/mn<br \/>\n<div class=\"wert-1\">Poids:<\/div> 6 kg<br \/>\n<div class=\"wert-1\">Options:<\/div> Surveillance de la vitesse de rotation<\/p>\n<p><strong>Accessoires<\/strong><\/p>\n<p>Pinces de serrage, type ER\/ESX11, plage de serrage -0,5 mm, \u00d8 1 mm \u2013 \u00d8 7 mm<\/p>\n<p>\n<\/div><\/div>\n<p>&nbsp;<\/p>\n<h3>Brosse axiale 37c<\/h3>\n<p>Pour l&#8217;usinage de pr\u00e9cision des surfaces et pour \u00e9liminer les bavures secondaires Convient pour les alliages d&#8217;aluminium moul\u00e9s sous pression et l&#8217;acier moul\u00e9. L&#8217;entra\u00eenement de la brosse, type IRT-BS500, est con\u00e7u pour l&#8217;utilisation de brosses boisseaux et de brosses pinceaux.<\/p>\n<div class=\"uk-grid\" data-uk-grid-margin><div class=\"uk-width-medium-1-2\"><\/p>\n<p><img decoding=\"async\" class=\"alignnone wp-image-237 size-full\" src=\"https:\/\/wms-engineering.de\/wp-content\/uploads\/sites\/4\/2017\/06\/WMS_werkzeug_37c.jpg\" alt=\"WMS Werkzeug 37c\" width=\"550\" height=\"450\" srcset=\"https:\/\/wms-engineering.de\/fr\/wp-content\/uploads\/sites\/4\/2017\/06\/WMS_werkzeug_37c.jpg 550w, https:\/\/wms-engineering.de\/fr\/wp-content\/uploads\/sites\/4\/2017\/06\/WMS_werkzeug_37c-300x245.jpg 300w\" sizes=\"(max-width: 550px) 100vw, 550px\" \/><\/p>\n<p>\n<\/div>\n<div class=\"uk-width-medium-1-2\"><\/p>\n<p><strong>Caract\u00e9ristiques techniques<\/strong><\/p>\n<p><div class=\"wert-1\">Mod\u00e8le:<\/div> IRT-BS500<br \/>\n<div class=\"wert-1\">R\u00e9f\u00e9rence:<\/div> 102946<br \/>\n<div class=\"wert-1\">D\u00e9signation:<\/div> Brosse axiale 37c<br \/>\n<div class=\"wert-1\">Inserts d&#039;outils:<\/div> Diff\u00e9rentes brosses<br \/>\n<div class=\"wert-1\">Entra\u00eenement:<\/div> Entra\u00eenement pneumatique<br \/>\n<div class=\"wert-1\">Puissance:<\/div> 500 Watt<br \/>\n<div class=\"wert-1\">Vitesse de rotation:<\/div> 2400 tr\/mn<br \/>\n<div class=\"wert-1\">Niveau de bruit:<\/div> non communiqu\u00e9<br \/>\n<div class=\"wert-1\">Consommation d&#039;\u00e9nergie:<\/div> 500 l\/mn<br \/>\n<div class=\"wert-1\">Poids:<\/div> 6 kg<br \/>\n<div class=\"wert-1\">Options:<\/div> Contr\u00f4le de l&#8217;usure, surveillance de la vitesse de rotation<\/p>\n<p><strong>Accessoires<\/strong><\/p>\n<p>Pinces de serrage, type ER\/ESX16, plage de serrage 1 mm, \u00d8 1 mm \u2013 \u00d8 10 mm<\/p>\n<\/div><\/div>\n<p>&#8230;et beaucoup d&#8217;autres<\/p>\n<p style=\"float: left\"><a class=\"uk-button\" href=\"https:\/\/wms-engineering.de\/fr\/senker\/\">Fraises \u00e0 lamer<\/a><\/p>\n<p style=\"float: right\"><a class=\"uk-button\" href=\"https:\/\/wms-engineering.de\/fr\/werkzeuge\/\">Aper\u00e7u<\/a><\/p>\n","protected":false},"excerpt":{"rendered":"<p>Lance de soufflage Pour nettoyer sommairement la pi\u00e8ce apr\u00e8s l&#8217;usinage. Cette lance permet d&#8217;enlever les copeaux adh\u00e9rents et d&#8217;\u00e9liminer \u00e9galement les r\u00e9sidus d&#8217;\u00e9mulsion. Peut \u00eatre utilis\u00e9e pour un nettoyage sommaire de la pince. Pour soufflage des trous de per\u00e7age apr\u00e8s l&#8217;\u00e9bavurage. &nbsp; Outil \u00e0 rotation lente 34f La broche 34f correspond essentiellement \u00e0 la broche [&hellip;]<\/p>\n","protected":false},"author":1,"featured_media":226,"parent":0,"menu_order":0,"comment_status":"closed","ping_status":"closed","template":"","meta":{"footnotes":""},"aioseo_notices":[],"_links":{"self":[{"href":"https:\/\/wms-engineering.de\/fr\/wp-json\/wp\/v2\/pages\/408"}],"collection":[{"href":"https:\/\/wms-engineering.de\/fr\/wp-json\/wp\/v2\/pages"}],"about":[{"href":"https:\/\/wms-engineering.de\/fr\/wp-json\/wp\/v2\/types\/page"}],"author":[{"embeddable":true,"href":"https:\/\/wms-engineering.de\/fr\/wp-json\/wp\/v2\/users\/1"}],"replies":[{"embeddable":true,"href":"https:\/\/wms-engineering.de\/fr\/wp-json\/wp\/v2\/comments?post=408"}],"version-history":[{"count":6,"href":"https:\/\/wms-engineering.de\/fr\/wp-json\/wp\/v2\/pages\/408\/revisions"}],"predecessor-version":[{"id":1836,"href":"https:\/\/wms-engineering.de\/fr\/wp-json\/wp\/v2\/pages\/408\/revisions\/1836"}],"wp:featuredmedia":[{"embeddable":true,"href":"https:\/\/wms-engineering.de\/fr\/wp-json\/wp\/v2\/media\/226"}],"wp:attachment":[{"href":"https:\/\/wms-engineering.de\/fr\/wp-json\/wp\/v2\/media?parent=408"}],"curies":[{"name":"wp","href":"https:\/\/api.w.org\/{rel}","templated":true}]}}