{"id":424,"date":"2017-07-09T18:22:10","date_gmt":"2017-07-09T16:22:10","guid":{"rendered":"https:\/\/wms-engineering.de\/?page_id=424"},"modified":"2020-04-21T08:44:18","modified_gmt":"2020-04-21T06:44:18","slug":"senker","status":"publish","type":"page","link":"https:\/\/wms-engineering.de\/fr\/senker\/","title":{"rendered":"Fraises \u00e0 lamer"},"content":{"rendered":"<h3>Fraise \u00e0 lamer angulaire 35b<\/h3>\n<p>Le moteur pneumatique est mont\u00e9 de sorte \u00e0 pouvoir s&#8217;abaisser de fa\u00e7on flexible, dans le sens oppos\u00e9 au sens d&#8217;usinage. La r\u00e9initialisation de la d\u00e9flexion s&#8217;effectue pneumatiquement. La force de rappel et la force de pression peuvent \u00eatre librement r\u00e9gl\u00e9es. L&#8217;air sortant est collect\u00e9 et r\u00e9achemin\u00e9. Un montage suspendu n\u00e9cessite un composant suppl\u00e9mentaire. Lors de la d\u00e9flexion, la fraise \u00e0 lamer perd sa position de base centr\u00e9e et elle est alors en position flottante afin de pouvoir \u00ab rechercher \u00bb le centre du per\u00e7age.<\/p>\n<div class=\"uk-grid\" data-uk-grid-margin><div class=\"uk-width-medium-1-2\"><p>\n<img decoding=\"async\" class=\"alignnone wp-image-379 size-full\" src=\"https:\/\/wms-engineering.de\/wp-content\/uploads\/sites\/4\/2017\/06\/WMS_werkzeug_35b.jpg\" alt=\"WMS Werkzeug 35b\" width=\"550\" height=\"450\" srcset=\"https:\/\/wms-engineering.de\/fr\/wp-content\/uploads\/sites\/4\/2017\/06\/WMS_werkzeug_35b.jpg 550w, https:\/\/wms-engineering.de\/fr\/wp-content\/uploads\/sites\/4\/2017\/06\/WMS_werkzeug_35b-300x245.jpg 300w\" sizes=\"(max-width: 550px) 100vw, 550px\" \/><\/p>\n<\/div>\n<div class=\"uk-width-medium-1-2\"><\/p>\n<p><strong>Caract\u00e9ristiques techniques<\/strong><\/p>\n<p><div class=\"wert-1\">Mod\u00e8le:<\/div>IRT-WS-S<br \/>\n<div class=\"wert-1\">R\u00e9f\u00e9rence:<\/div>103888<br \/>\n<div class=\"wert-1\">D\u00e9signation:<\/div>Fraise \u00e0 lamer angulaire 35b, verticale<br \/>\n<div class=\"wert-1\">Inserts d&#039;outils:<\/div>Fraises \u00e0 lamer<br \/>\n<div class=\"wert-1\">Entra\u00eenement:<\/div>Entra\u00eenement pneumatique<br \/>\n<div class=\"wert-1\">Puissance:<\/div>380 Watt<br \/>\n<div class=\"wert-1\">Vitesse de rotation:<\/div>520 tr\/mn<br \/>\n<div class=\"wert-1\">Niveau de bruit:<\/div>75 dBA<br \/>\n<div class=\"wert-1\">Consommation d&#039;\u00e9nergie:<\/div>510 l\/mn<br \/>\n<div class=\"wert-1\">Poids:<\/div>6 kg<\/p>\n<p><strong>Accessoires<\/strong><\/p>\n<p>Pinces de serrage, type ER\/ESX11, plage de serrage -0,5 mm, \u00d8 1 mm \u2013 \u00d8 7 mm<\/p>\n<\/div><\/div>\n<p>&#8230;et beaucoup d&#8217;autres<\/p>\n<p style=\"float: left\"><a class=\"uk-button\" href=\"https:\/\/wms-engineering.de\/fr\/buersten\/\">Brosses<\/a><\/p>\n<p style=\"float: right\"><a class=\"uk-button\" href=\"https:\/\/wms-engineering.de\/fr\/spezialwerkzeuge\/\">Outils sp\u00e9ciaux<\/a><\/p>\n","protected":false},"excerpt":{"rendered":"<p>Fraise \u00e0 lamer angulaire 35b Le moteur pneumatique est mont\u00e9 de sorte \u00e0 pouvoir s&#8217;abaisser de fa\u00e7on flexible, dans le sens oppos\u00e9 au sens d&#8217;usinage. La r\u00e9initialisation de la d\u00e9flexion s&#8217;effectue pneumatiquement. La force de rappel et la force de pression peuvent \u00eatre librement r\u00e9gl\u00e9es. L&#8217;air sortant est collect\u00e9 et r\u00e9achemin\u00e9. Un montage suspendu n\u00e9cessite [&hellip;]<\/p>\n","protected":false},"author":1,"featured_media":226,"parent":0,"menu_order":0,"comment_status":"closed","ping_status":"closed","template":"","meta":{"footnotes":""},"aioseo_notices":[],"_links":{"self":[{"href":"https:\/\/wms-engineering.de\/fr\/wp-json\/wp\/v2\/pages\/424"}],"collection":[{"href":"https:\/\/wms-engineering.de\/fr\/wp-json\/wp\/v2\/pages"}],"about":[{"href":"https:\/\/wms-engineering.de\/fr\/wp-json\/wp\/v2\/types\/page"}],"author":[{"embeddable":true,"href":"https:\/\/wms-engineering.de\/fr\/wp-json\/wp\/v2\/users\/1"}],"replies":[{"embeddable":true,"href":"https:\/\/wms-engineering.de\/fr\/wp-json\/wp\/v2\/comments?post=424"}],"version-history":[{"count":5,"href":"https:\/\/wms-engineering.de\/fr\/wp-json\/wp\/v2\/pages\/424\/revisions"}],"predecessor-version":[{"id":1835,"href":"https:\/\/wms-engineering.de\/fr\/wp-json\/wp\/v2\/pages\/424\/revisions\/1835"}],"wp:featuredmedia":[{"embeddable":true,"href":"https:\/\/wms-engineering.de\/fr\/wp-json\/wp\/v2\/media\/226"}],"wp:attachment":[{"href":"https:\/\/wms-engineering.de\/fr\/wp-json\/wp\/v2\/media?parent=424"}],"curies":[{"name":"wp","href":"https:\/\/api.w.org\/{rel}","templated":true}]}}