{"id":531,"date":"2017-07-11T16:42:55","date_gmt":"2017-07-11T14:42:55","guid":{"rendered":"https:\/\/wms-engineering.de\/?page_id=531"},"modified":"2023-03-02T11:43:19","modified_gmt":"2023-03-02T10:43:19","slug":"ausbildung","status":"publish","type":"page","link":"https:\/\/wms-engineering.de\/fr\/ausbildung\/","title":{"rendered":"Formation"},"content":{"rendered":"<h4>Rien n&#8217;est plus captivant que le monde de la robotique. Nous unissons l&#8217;int\u00e9r\u00eat manifest\u00e9 par nos futurs personnels qualifi\u00e9s et cadres \u00e0 l&#8217;exp\u00e9rience et au savoir-faire de nos collaborateurs qualifi\u00e9s.<\/h4>\n<p>Venez apprendre ce que l&#8217;automatisation peut vous permettre de faire. Venez suivre cette formation chez WMS. Sur notre site principal de Klettgau-Grie\u00dfen, nous vous proposons diff\u00e9rentes formations professionnelles commerciales et techniques.<\/p>\n<div class=\"soliloquy-outer-container\" data-soliloquy-loaded=\"0\"><div aria-live=\"polite\" id=\"soliloquy-container-2201\" class=\"soliloquy-container soliloquy-transition-fade soliloquy-fade soliloquy-controls-active soliloquy-arrows-active  soliloquy-theme-base no-js\" style=\"max-width:1130px;max-height:580px;margin:0 auto 20px;\"><ul id=\"soliloquy-2201\" class=\"soliloquy-slider soliloquy-slides soliloquy-wrap soliloquy-clear\"><li aria-hidden=\"true\" class=\"soliloquy-item soliloquy-item-1 soliloquy-id-2202 soliloquy-image-slide\" draggable=\"false\" style=\"list-style:none;\"><img decoding=\"async\" id=\"soliloquy-image-2202\" class=\"soliloquy-image soliloquy-image-1\" src=\"https:\/\/wms-engineering.de\/fr\/wp-content\/uploads\/sites\/4\/2021\/08\/wms_ausbildung_Elektriker.png\" alt=\"WMS Ausbildung Elektriker\" data-no-lazy=\"1\"  \/><\/li><li aria-hidden=\"true\" class=\"soliloquy-item soliloquy-item-2 soliloquy-id-2203 soliloquy-image-slide\" draggable=\"false\" style=\"list-style:none;\"><img decoding=\"async\" id=\"soliloquy-image-2203\" class=\"soliloquy-image soliloquy-image-2 soliloquy-preload\" src=\"https:\/\/wms-engineering.de\/fr\/wp-content\/plugins\/soliloquy\/assets\/css\/images\/holder.gif\" data-soliloquy-src=\"https:\/\/wms-engineering.de\/fr\/wp-content\/uploads\/sites\/4\/2021\/08\/wms_ausbildung_elektroniker_s4.jpg\" alt=\"WMS Ausbildung Elektroniker\" data-no-lazy=\"1\"  \/><\/li><li aria-hidden=\"true\" class=\"soliloquy-item soliloquy-item-3 soliloquy-id-2204 soliloquy-image-slide\" draggable=\"false\" style=\"list-style:none;\"><img decoding=\"async\" id=\"soliloquy-image-2204\" class=\"soliloquy-image soliloquy-image-3 soliloquy-preload\" src=\"https:\/\/wms-engineering.de\/fr\/wp-content\/plugins\/soliloquy\/assets\/css\/images\/holder.gif\" data-soliloquy-src=\"https:\/\/wms-engineering.de\/fr\/wp-content\/uploads\/sites\/4\/2021\/08\/wms_ausbildung_industriemechaniker_s1.jpg\" alt=\"WMS Ausbildung Industriemechaniker\" data-no-lazy=\"1\"  \/><\/li><li aria-hidden=\"true\" class=\"soliloquy-item soliloquy-item-4 soliloquy-id-2205 soliloquy-image-slide\" draggable=\"false\" style=\"list-style:none;\"><img decoding=\"async\" id=\"soliloquy-image-2205\" class=\"soliloquy-image soliloquy-image-4 soliloquy-preload\" src=\"https:\/\/wms-engineering.de\/fr\/wp-content\/plugins\/soliloquy\/assets\/css\/images\/holder.gif\" data-soliloquy-src=\"https:\/\/wms-engineering.de\/fr\/wp-content\/uploads\/sites\/4\/2021\/08\/wms_ausbildung_konstrukteur.png\" alt=\"WMS Ausbildung Produktdesigner\" data-no-lazy=\"1\"  \/><\/li><\/ul><\/div><noscript><div class=\"soliloquy-no-js\" style=\"display:none;visibility:hidden;height:0;line-height:0;opacity:0;\"><img decoding=\"async\" data-no-lazy=\"1\"  class=\"soliloquy-image soliloquy-no-js-image skip-lazy\" src=\"https:\/\/wms-engineering.de\/fr\/wp-content\/uploads\/sites\/4\/2021\/08\/wms_ausbildung_Elektriker.png\" alt=\"WMS Ausbildung Elektriker\" \/><img decoding=\"async\" data-no-lazy=\"1\"  class=\"soliloquy-image soliloquy-no-js-image skip-lazy\" src=\"https:\/\/wms-engineering.de\/fr\/wp-content\/uploads\/sites\/4\/2021\/08\/wms_ausbildung_elektroniker_s4.jpg\" alt=\"WMS Ausbildung Elektroniker\" \/><img decoding=\"async\" data-no-lazy=\"1\"  class=\"soliloquy-image soliloquy-no-js-image skip-lazy\" src=\"https:\/\/wms-engineering.de\/fr\/wp-content\/uploads\/sites\/4\/2021\/08\/wms_ausbildung_industriemechaniker_s1.jpg\" alt=\"WMS Ausbildung Industriemechaniker\" \/><img decoding=\"async\" data-no-lazy=\"1\"  class=\"soliloquy-image soliloquy-no-js-image skip-lazy\" src=\"https:\/\/wms-engineering.de\/fr\/wp-content\/uploads\/sites\/4\/2021\/08\/wms_ausbildung_konstrukteur.png\" alt=\"WMS Ausbildung Produktdesigner\" \/><\/div><\/noscript><\/div>\n<p>Nous formons dans les secteurs suivants:<\/p>\n<ul>\n<li style=\"color: #e5007d\"><a href=\"https:\/\/wms-engineering.de\/fr\/ausbildung-zum-technischen-produktdesigner-m-w-d\/\"><strong>Secteur Designers de produits<\/strong><\/a><strong><br \/>\n<\/strong><\/li>\n<li style=\"color: #e5007d\"><strong><a href=\"https:\/\/wms-engineering.de\/fr\/ausbildung-zum-industriemechaniker-mw\/\">Secteur M\u00e9caniciens dans l&#8217;industrie<\/a><br \/>\n<\/strong><\/li>\n<li style=\"color: #e5007d\"><a href=\"https:\/\/wms-engineering.de\/fr\/ausbildung-zum-elektroniker-fuer-betriebstechnik-mw\/\"><strong>Secteur \u00c9lectroniciens<\/strong><\/a><\/li>\n<li style=\"color: #e5007d\"><strong><span id=\"result_box\" class=\"short_text\" lang=\"fr\"><span class=\"alt-edited\">DHBW L\u00f6rrach &#8211; d\u00e9bute: 10\/2025<\/span><\/span><\/strong><\/li>\n<\/ul>\n<p>Nous sommes tr\u00e8s heureux de faire mieux conna\u00eetre aux jeunes int\u00e9ress\u00e9s et motiv\u00e9s, ici, chez WMS, le monde tournant autour de la robotique. Que ce soit au niveau administratif ou au niveau pratique, nos postes de formation sont, de par leur vari\u00e9t\u00e9, tr\u00e8s convoit\u00e9s.<br \/>\nVous \u00eates curieux, vous avez un esprit ind\u00e9pendant et vous \u00eates un teamplayer ? Nous serons alors heureux de recevoir votre candidature!<\/p>\n<p>&nbsp;<\/p>\n<p><a class=\"uk-button\" href=\"mailto:personal@wms-engineering.de\">Posez votre candidature d\u00e8s maintenant<\/a><\/p>\n","protected":false},"excerpt":{"rendered":"<p>Rien n&#8217;est plus captivant que le monde de la robotique. Nous unissons l&#8217;int\u00e9r\u00eat manifest\u00e9 par nos futurs personnels qualifi\u00e9s et cadres \u00e0 l&#8217;exp\u00e9rience et au savoir-faire de nos collaborateurs qualifi\u00e9s. Venez apprendre ce que l&#8217;automatisation peut vous permettre de faire. Venez suivre cette formation chez WMS. Sur notre site principal de Klettgau-Grie\u00dfen, nous vous proposons [&hellip;]<\/p>\n","protected":false},"author":1,"featured_media":2200,"parent":0,"menu_order":0,"comment_status":"closed","ping_status":"closed","template":"","meta":{"footnotes":""},"aioseo_notices":[],"_links":{"self":[{"href":"https:\/\/wms-engineering.de\/fr\/wp-json\/wp\/v2\/pages\/531"}],"collection":[{"href":"https:\/\/wms-engineering.de\/fr\/wp-json\/wp\/v2\/pages"}],"about":[{"href":"https:\/\/wms-engineering.de\/fr\/wp-json\/wp\/v2\/types\/page"}],"author":[{"embeddable":true,"href":"https:\/\/wms-engineering.de\/fr\/wp-json\/wp\/v2\/users\/1"}],"replies":[{"embeddable":true,"href":"https:\/\/wms-engineering.de\/fr\/wp-json\/wp\/v2\/comments?post=531"}],"version-history":[{"count":6,"href":"https:\/\/wms-engineering.de\/fr\/wp-json\/wp\/v2\/pages\/531\/revisions"}],"predecessor-version":[{"id":2299,"href":"https:\/\/wms-engineering.de\/fr\/wp-json\/wp\/v2\/pages\/531\/revisions\/2299"}],"wp:featuredmedia":[{"embeddable":true,"href":"https:\/\/wms-engineering.de\/fr\/wp-json\/wp\/v2\/media\/2200"}],"wp:attachment":[{"href":"https:\/\/wms-engineering.de\/fr\/wp-json\/wp\/v2\/media?parent=531"}],"curies":[{"name":"wp","href":"https:\/\/api.w.org\/{rel}","templated":true}]}}