{"id":54,"date":"2017-06-27T11:38:26","date_gmt":"2017-06-27T09:38:26","guid":{"rendered":"https:\/\/wms-engineering.de\/?page_id=54"},"modified":"2025-01-15T14:41:24","modified_gmt":"2025-01-15T13:41:24","slug":"outils","status":"publish","type":"page","link":"https:\/\/wms-engineering.de\/fr\/outils\/","title":{"rendered":"Les Outils"},"content":{"rendered":"<h4><strong>En notre qualit\u00e9 de pr\u00e9curseur de l&#8217;\u00e9bavurage m\u00e9canique et d&#8217;inventeur de la broche d&#8217;\u00e9bavurage, nous incarnons la tradition et la fiabilit\u00e9. Notre savoir-faire vous garantit une qualit\u00e9 de process maximale.<\/strong><\/h4>\n<p>D\u00e9velopp\u00e9 depuis plus de 30 ans, le catalogue WMS offre d&#8217;innombrables possibilit\u00e9s gr\u00e2ce \u00e0 une multitude d&#8217;outils. Des inserts d&#8217;outils fabriqu\u00e9s avec des mat\u00e9riaux, des formes et des rev\u00eatements diff\u00e9rents peuvent \u00eatre int\u00e9gr\u00e9s en fonction de vos besoins dans la machine d&#8217;\u00e9bavurage. Nos collaborateurs connaissent \u00e0 la perfection les diff\u00e9rentes possibilit\u00e9s et vous conseillent \u00e0 l\u2019aide de leurs nombreuses ann\u00e9es d\u2019exp\u00e9rience.<\/p>\n<p>Ces derniers connaissent pr\u00e9cis\u00e9ment les diff\u00e9rentes facettes et peuvent donc vous proposer les outils les plus adapt\u00e9s \u00e0 votre besoin.<\/p>\n<h2>En avance sur son temps &#8211; Outils 4.0<\/h2>\n<p>Nos outils sont au c\u0153ur de chaque cellule WMS. La technologie \u00e9prouv\u00e9e de nos broches a \u00e9t\u00e9 brevet\u00e9e d\u00e8s 1985. Depuis lors, nous n&#8217;avons cess\u00e9 de d\u00e9velopper nos produits, de sorte qu&#8217;aujourd&#8217;hui, nous pouvons nous appuyer sur un portefeuille consid\u00e9rable.<\/p>\n<p>Int\u00e9grant les derni\u00e8res d\u00e9couvertes et technologies, nos outils offrent entre autres :<\/p>\n<ul>\n<li>Le transfert de toutes les valeurs mesur\u00e9es au syst\u00e8me de contr\u00f4le de la centrale<\/li>\n<li>Une gamme de produits congruente d&#8217;outils pneumatiques et \u00e9lectriques<\/li>\n<li>Le contr\u00f4le et surveillance de la vitesse des outils \u00e9lectriques<\/li>\n<li>Un message sur l&#8217;\u00e9tat d&#8217;usure \/ de fin de vie des outils<\/li>\n<li>Le suivi de la consommation (pneumatique \/ courant)<\/li>\n<\/ul>\n<p>Vous ne trouvez pas le bon outil ? Aucun probl\u00e8me &#8211; sur la base de nos produits, de nouveaux outils adapt\u00e9s individuellement aux besoins peuvent \u00eatre d\u00e9velopp\u00e9s dans un d\u00e9lai tr\u00e8s court.<\/p>\n<p>En plus du processus d&#8217;am\u00e9lioration continue dans les activit\u00e9s quotidiennes du WMS, nous impliquons \u00e0 la fois les clients et les fournisseurs dans le d\u00e9veloppement. Cette coop\u00e9ration donne lieu \u00e0 de nouvelles id\u00e9es et \u00e0 des concepts d&#8217;optimisation de nos outils en fonction des nouvelles exigences.<\/p>\n<p>L&#8217;innovation bas\u00e9e sur des technologies \u00e9prouv\u00e9es : Nous en sommes convaincus !<\/p>\n<h3><div class=\"soliloquy-outer-container\" data-soliloquy-loaded=\"0\"><div aria-live=\"polite\" id=\"soliloquy-container-1989\" class=\"soliloquy-container soliloquy-transition-fade soliloquy-fade soliloquy-controls-active soliloquy-arrows-active  soliloquy-theme-base no-js\" style=\"max-width:1130px;max-height:750px;margin:0 auto 20px;\"><ul id=\"soliloquy-1989\" class=\"soliloquy-slider soliloquy-slides soliloquy-wrap soliloquy-clear\"><li aria-hidden=\"true\" class=\"soliloquy-item soliloquy-item-1 soliloquy-id-1990 soliloquy-image-slide\" draggable=\"false\" style=\"list-style:none;\"><img decoding=\"async\" id=\"soliloquy-image-1990\" class=\"soliloquy-image soliloquy-image-1\" src=\"https:\/\/wms-engineering.de\/fr\/wp-content\/uploads\/sites\/4\/2021\/02\/IMG_0655_WMS-900x600_c-1130x750_c.jpg\" alt=\"Outils WMS 1\" data-soliloquy-src-mobile=\"https:\/\/wms-engineering.de\/fr\/wp-content\/uploads\/sites\/4\/2021\/02\/IMG_0655_WMS-900x600_c-600x400_c.jpg\" data-no-lazy=\"1\"  \/><\/li><li aria-hidden=\"true\" class=\"soliloquy-item soliloquy-item-2 soliloquy-id-1991 soliloquy-image-slide\" draggable=\"false\" style=\"list-style:none;\"><img decoding=\"async\" id=\"soliloquy-image-1991\" class=\"soliloquy-image soliloquy-image-2 soliloquy-preload\" src=\"https:\/\/wms-engineering.de\/fr\/wp-content\/plugins\/soliloquy\/assets\/css\/images\/holder.gif\" data-soliloquy-src=\"https:\/\/wms-engineering.de\/fr\/wp-content\/uploads\/sites\/4\/2021\/02\/IMG_0676_WMS-1-900x600_c-1130x750_c.jpg\" alt=\"Outils WMS 4\" data-soliloquy-src-mobile=\"https:\/\/wms-engineering.de\/fr\/wp-content\/uploads\/sites\/4\/2021\/02\/IMG_0676_WMS-1-900x600_c-600x400_c.jpg\" data-no-lazy=\"1\"  \/><\/li><li aria-hidden=\"true\" class=\"soliloquy-item soliloquy-item-3 soliloquy-id-1992 soliloquy-image-slide\" draggable=\"false\" style=\"list-style:none;\"><img decoding=\"async\" id=\"soliloquy-image-1992\" class=\"soliloquy-image soliloquy-image-3 soliloquy-preload\" src=\"https:\/\/wms-engineering.de\/fr\/wp-content\/plugins\/soliloquy\/assets\/css\/images\/holder.gif\" data-soliloquy-src=\"https:\/\/wms-engineering.de\/fr\/wp-content\/uploads\/sites\/4\/2021\/02\/IMG_0681_WMS-1-900x600_c-1130x750_c.jpg\" alt=\"Outils WMS 3\" data-soliloquy-src-mobile=\"https:\/\/wms-engineering.de\/fr\/wp-content\/uploads\/sites\/4\/2021\/02\/IMG_0681_WMS-1-900x600_c-600x400_c.jpg\" data-no-lazy=\"1\"  \/><\/li><li aria-hidden=\"true\" class=\"soliloquy-item soliloquy-item-4 soliloquy-id-1993 soliloquy-image-slide\" draggable=\"false\" style=\"list-style:none;\"><img decoding=\"async\" id=\"soliloquy-image-1993\" class=\"soliloquy-image soliloquy-image-4 soliloquy-preload\" src=\"https:\/\/wms-engineering.de\/fr\/wp-content\/plugins\/soliloquy\/assets\/css\/images\/holder.gif\" data-soliloquy-src=\"https:\/\/wms-engineering.de\/fr\/wp-content\/uploads\/sites\/4\/2021\/02\/IMG_7620-2-900x600_c-1130x750_c.jpg\" alt=\"Outils WMS 2\" data-soliloquy-src-mobile=\"https:\/\/wms-engineering.de\/fr\/wp-content\/uploads\/sites\/4\/2021\/02\/IMG_7620-2-900x600_c-600x400_c.jpg\" data-no-lazy=\"1\"  \/><div class=\"soliloquy-caption soliloquy-caption-bottom\"><div class=\"soliloquy-caption-inside\">Outils WMS 2<\/div><\/div><\/li><\/ul><\/div><noscript><div class=\"soliloquy-no-js\" style=\"display:none;visibility:hidden;height:0;line-height:0;opacity:0;\"><img decoding=\"async\" data-no-lazy=\"1\"  class=\"soliloquy-image soliloquy-no-js-image skip-lazy\" src=\"https:\/\/wms-engineering.de\/fr\/wp-content\/uploads\/sites\/4\/2021\/02\/IMG_0655_WMS-900x600_c.jpg\" alt=\"Outils WMS 1\" \/><img decoding=\"async\" data-no-lazy=\"1\"  class=\"soliloquy-image soliloquy-no-js-image skip-lazy\" src=\"https:\/\/wms-engineering.de\/fr\/wp-content\/uploads\/sites\/4\/2021\/02\/IMG_0676_WMS-1-900x600_c.jpg\" alt=\"Outils WMS 4\" \/><img decoding=\"async\" data-no-lazy=\"1\"  class=\"soliloquy-image soliloquy-no-js-image skip-lazy\" src=\"https:\/\/wms-engineering.de\/fr\/wp-content\/uploads\/sites\/4\/2021\/02\/IMG_0681_WMS-1-900x600_c.jpg\" alt=\"Outils WMS 3\" \/><img decoding=\"async\" data-no-lazy=\"1\"  class=\"soliloquy-image soliloquy-no-js-image skip-lazy\" src=\"https:\/\/wms-engineering.de\/fr\/wp-content\/uploads\/sites\/4\/2021\/02\/IMG_7620-2-900x600_c.jpg\" alt=\"Outils WMS 2\" \/><\/div><\/noscript><\/div><\/h3>\n<p>&nbsp;<\/p>\n<p><a class=\"uk-button\" href=\"\/fr\/interlocuteurs\/\">FAITES VOTRE DEMANDE MAINTENANT<\/a><\/p>\n<p style=\"float: left\"><a class=\"uk-button\" href=\"\/fr\/quest-ce-que-lebavurage\/\">Qu\u2019est-ce que l\u2019\u00e9bavurage<\/a><\/p>\n<p style=\"float: right\"><a class=\"uk-button\" href=\"\/fr\/machines\/\">Machines<\/a><\/p>\n","protected":false},"excerpt":{"rendered":"<p>En notre qualit\u00e9 de pr\u00e9curseur de l&#8217;\u00e9bavurage m\u00e9canique et d&#8217;inventeur de la broche d&#8217;\u00e9bavurage, nous incarnons la tradition et la fiabilit\u00e9. Notre savoir-faire vous garantit une qualit\u00e9 de process maximale. D\u00e9velopp\u00e9 depuis plus de 30 ans, le catalogue WMS offre d&#8217;innombrables possibilit\u00e9s gr\u00e2ce \u00e0 une multitude d&#8217;outils. Des inserts d&#8217;outils fabriqu\u00e9s avec des mat\u00e9riaux, des [&hellip;]<\/p>\n","protected":false},"author":1,"featured_media":226,"parent":0,"menu_order":0,"comment_status":"closed","ping_status":"closed","template":"","meta":{"footnotes":""},"aioseo_notices":[],"_links":{"self":[{"href":"https:\/\/wms-engineering.de\/fr\/wp-json\/wp\/v2\/pages\/54"}],"collection":[{"href":"https:\/\/wms-engineering.de\/fr\/wp-json\/wp\/v2\/pages"}],"about":[{"href":"https:\/\/wms-engineering.de\/fr\/wp-json\/wp\/v2\/types\/page"}],"author":[{"embeddable":true,"href":"https:\/\/wms-engineering.de\/fr\/wp-json\/wp\/v2\/users\/1"}],"replies":[{"embeddable":true,"href":"https:\/\/wms-engineering.de\/fr\/wp-json\/wp\/v2\/comments?post=54"}],"version-history":[{"count":6,"href":"https:\/\/wms-engineering.de\/fr\/wp-json\/wp\/v2\/pages\/54\/revisions"}],"predecessor-version":[{"id":2461,"href":"https:\/\/wms-engineering.de\/fr\/wp-json\/wp\/v2\/pages\/54\/revisions\/2461"}],"wp:featuredmedia":[{"embeddable":true,"href":"https:\/\/wms-engineering.de\/fr\/wp-json\/wp\/v2\/media\/226"}],"wp:attachment":[{"href":"https:\/\/wms-engineering.de\/fr\/wp-json\/wp\/v2\/media?parent=54"}],"curies":[{"name":"wp","href":"https:\/\/api.w.org\/{rel}","templated":true}]}}