{"id":57,"date":"2017-06-27T11:40:03","date_gmt":"2017-06-27T09:40:03","guid":{"rendered":"https:\/\/wms-engineering.de\/?page_id=57"},"modified":"2025-01-15T14:40:46","modified_gmt":"2025-01-15T13:40:46","slug":"machines","status":"publish","type":"page","link":"https:\/\/wms-engineering.de\/fr\/machines\/","title":{"rendered":"Machines"},"content":{"rendered":"<h2>MACHINES SP\u00c9CIALES ET STANDARDS PEUVENT COHABITER. NOUS VOUS LE PROUVONS.<\/h2>\n<p><strong>Un syst\u00e8me modulaire standardis\u00e9 forme la base de nos machines. Il est adapt\u00e9 individuellement aux diff\u00e9rentes exigences du client par nos designers. Avec une possibilit\u00e9 d&#8217;extension modulaire (lavage, mesure, palettisation et une multitude d&#8217;autres possibilit\u00e9s), notre gamme \u00e9prouv\u00e9e permet de r\u00e9pondre \u00e0 quasiment toutes les t\u00e2ches.<\/strong><\/p>\n<p>&nbsp;<\/p>\n<h2>Votre individualit\u00e9. Notre revendication.<\/h2>\n<p><strong>Au d\u00e9part : Le mot.<\/strong> \u00c0 partir du premier entretien, nos sp\u00e9cialistes process d\u00e9veloppent tout d&#8217;abord la maquette de base. En tant que client, cela vous permet de b\u00e9n\u00e9ficier d&#8217;un aper\u00e7u du concept final. En outre, cela constitue la base du projet. R\u00e9sultat : une structure du syst\u00e8me clairement d\u00e9finie, d\u00e8s le d\u00e9part.<\/p>\n<p><img decoding=\"async\" class=\"alignnone size-full wp-image-2566\" src=\"https:\/\/wms-engineering.de\/wp-content\/uploads\/2021\/01\/maschinenkoerper-wms.jpg\" alt=\"\" width=\"1500\" height=\"800\" \/><\/p>\n<h2>Tout dans le cadre. Le noyau de base.<\/h2>\n<p>Les syst\u00e8mes d&#8217;\u00e9bavurage WMS sont bas\u00e9s sur un cadre standard de profils carr\u00e9s en acier soud\u00e9, qui absorbe toutes les forces et les mouvements qui se produisent et les dissipe dans le sol.<\/p>\n<p>Gr\u00e2ce \u00e0 la conception compacte de nos cellules modulaires, nous r\u00e9duisons l&#8217;espace n\u00e9cessaire \u00e0 les implanter. Ainsi, nous cr\u00e9ons plus d&#8217;espace pour vos id\u00e9es et la libert\u00e9 pour vos projets.<\/p>\n<p>En outre : nos machines sont transportables par chariot \u00e9l\u00e9vateur. En plus d&#8217;un montage rapide, cela garantit \u00e9galement la flexibilit\u00e9 lors de la conversion. Nous pouvons donc r\u00e9pondre \u00e0 vos changements et \u00e9voluer avec vous !<\/p>\n<h2>Parfaitement assortis. Les pi\u00e8ces et les composants compl\u00e9mentaires<\/h2>\n<p>Sur la base de cette conception standard, diff\u00e9rentes tailles et param\u00e8tres d&#8217;application nous permettent de r\u00e9pondre de mani\u00e8re optimale \u00e0 votre pi\u00e8ce. C&#8217;est ce qui rend chaque machine unique.<\/p>\n<p>Nos clients peuvent choisir parmi un catalogue d&#8217;options \u00e9tendu pour l&#8217;entr\u00e9e et la sortie des pi\u00e8ces. Qu&#8217;il s&#8217;agisse d&#8217;une navette \u00e0 palettes, d&#8217;une table \u00e0 indexage rotatif, d&#8217;une unit\u00e9 de passage ou d&#8217;une connexion directe \u00e0 un centre d&#8217;usinage, nous avons d\u00e9j\u00e0 mis en \u0153uvre avec succ\u00e8s tous les syst\u00e8mes d&#8217;alimentation et d&#8217;\u00e9vacuation de pi\u00e8ces imaginables.<\/p>\n<h2>La bonne machine pour chacun. Notre machines standard.<\/h2>\n<p>Nous diff\u00e9rencions nos types de machines standard d&#8217;une part en fonction du poids de la pi\u00e8ce \u00e0 usiner, et d&#8217;autre part en fonction du nombre de robots (collaborateurs). Il en r\u00e9sulte une grande vari\u00e9t\u00e9 de combinaisons possibles et la garantie de trouver celle qui convient \u00e0 vos besoins!<\/p>\n<hr \/>\n<p><strong>Selon le poids de la pi\u00e8ce :<\/strong><\/p>\n<div class=\"soliloquy-outer-container\" data-soliloquy-loaded=\"0\"><div aria-live=\"polite\" id=\"soliloquy-container-2079\" class=\"soliloquy-container soliloquy-transition-fade soliloquy-fade soliloquy-controls-active soliloquy-arrows-active  soliloquy-theme-base no-js\" style=\"max-width:1130px;max-height:750px;margin:0 auto 20px;\"><ul id=\"soliloquy-2079\" class=\"soliloquy-slider soliloquy-slides soliloquy-wrap soliloquy-clear\"><li aria-hidden=\"true\" class=\"soliloquy-item soliloquy-item-1 soliloquy-id-2080 soliloquy-image-slide\" draggable=\"false\" style=\"list-style:none;\"><img decoding=\"async\" id=\"soliloquy-image-2080\" class=\"soliloquy-image soliloquy-image-1\" src=\"https:\/\/wms-engineering.de\/fr\/wp-content\/uploads\/sites\/4\/2021\/02\/W10_homepage-fr.jpg\" alt=\"W10 WMS MACHINE\" data-soliloquy-src-mobile=\"https:\/\/wms-engineering.de\/fr\/wp-content\/uploads\/sites\/4\/2021\/02\/W10_homepage-fr-600x400_c.jpg\" data-no-lazy=\"1\"  \/><\/li><li aria-hidden=\"true\" class=\"soliloquy-item soliloquy-item-2 soliloquy-id-2081 soliloquy-image-slide\" draggable=\"false\" style=\"list-style:none;\"><img decoding=\"async\" id=\"soliloquy-image-2081\" class=\"soliloquy-image soliloquy-image-2 soliloquy-preload\" src=\"https:\/\/wms-engineering.de\/fr\/wp-content\/plugins\/soliloquy\/assets\/css\/images\/holder.gif\" data-soliloquy-src=\"https:\/\/wms-engineering.de\/fr\/wp-content\/uploads\/sites\/4\/2021\/02\/W30_homepage-fr.jpg\" alt=\"W30 WMS MACHINE\" data-soliloquy-src-mobile=\"https:\/\/wms-engineering.de\/fr\/wp-content\/uploads\/sites\/4\/2021\/02\/W30_homepage-fr-600x400_c.jpg\" data-no-lazy=\"1\"  \/><\/li><li aria-hidden=\"true\" class=\"soliloquy-item soliloquy-item-3 soliloquy-id-2082 soliloquy-image-slide\" draggable=\"false\" style=\"list-style:none;\"><img decoding=\"async\" id=\"soliloquy-image-2082\" class=\"soliloquy-image soliloquy-image-3 soliloquy-preload\" src=\"https:\/\/wms-engineering.de\/fr\/wp-content\/plugins\/soliloquy\/assets\/css\/images\/holder.gif\" data-soliloquy-src=\"https:\/\/wms-engineering.de\/fr\/wp-content\/uploads\/sites\/4\/2021\/02\/W100_homepage-fr.jpg\" alt=\"W100 WMS MACHINE\" data-soliloquy-src-mobile=\"https:\/\/wms-engineering.de\/fr\/wp-content\/uploads\/sites\/4\/2021\/02\/W100_homepage-fr-600x400_c.jpg\" data-no-lazy=\"1\"  \/><\/li><\/ul><\/div><noscript><div class=\"soliloquy-no-js\" style=\"display:none;visibility:hidden;height:0;line-height:0;opacity:0;\"><img decoding=\"async\" data-no-lazy=\"1\"  class=\"soliloquy-image soliloquy-no-js-image skip-lazy\" src=\"https:\/\/wms-engineering.de\/fr\/wp-content\/uploads\/sites\/4\/2021\/02\/W10_homepage-fr.jpg\" alt=\"W10 WMS MACHINE\" \/><img decoding=\"async\" data-no-lazy=\"1\"  class=\"soliloquy-image soliloquy-no-js-image skip-lazy\" src=\"https:\/\/wms-engineering.de\/fr\/wp-content\/uploads\/sites\/4\/2021\/02\/W30_homepage-fr.jpg\" alt=\"W30 WMS MACHINE\" \/><img decoding=\"async\" data-no-lazy=\"1\"  class=\"soliloquy-image soliloquy-no-js-image skip-lazy\" src=\"https:\/\/wms-engineering.de\/fr\/wp-content\/uploads\/sites\/4\/2021\/02\/W100_homepage-fr.jpg\" alt=\"W100 WMS MACHINE\" \/><\/div><\/noscript><\/div>\n<hr \/>\n<p><strong>Par le comptage des robots :<\/strong><\/p>\n<div class=\"soliloquy-outer-container\" data-soliloquy-loaded=\"0\"><div aria-live=\"polite\" id=\"soliloquy-container-2083\" class=\"soliloquy-container soliloquy-transition-fade soliloquy-fade soliloquy-controls-active soliloquy-arrows-active  soliloquy-theme-base no-js\" style=\"max-width:1130px;max-height:750px;margin:0 auto 20px;\"><ul id=\"soliloquy-2083\" class=\"soliloquy-slider soliloquy-slides soliloquy-wrap soliloquy-clear\"><li aria-hidden=\"true\" class=\"soliloquy-item soliloquy-item-1 soliloquy-id-2084 soliloquy-image-slide\" draggable=\"false\" style=\"list-style:none;\"><img decoding=\"async\" id=\"soliloquy-image-2084\" class=\"soliloquy-image soliloquy-image-1\" src=\"https:\/\/wms-engineering.de\/fr\/wp-content\/uploads\/sites\/4\/2021\/02\/SINGLE_homepage-fr.jpg\" alt=\"SINGLE SOLUTION WMS\" data-soliloquy-src-mobile=\"https:\/\/wms-engineering.de\/fr\/wp-content\/uploads\/sites\/4\/2021\/02\/SINGLE_homepage-fr-600x400_c.jpg\" data-no-lazy=\"1\"  \/><\/li><li aria-hidden=\"true\" class=\"soliloquy-item soliloquy-item-2 soliloquy-id-2086 soliloquy-image-slide\" draggable=\"false\" style=\"list-style:none;\"><img decoding=\"async\" id=\"soliloquy-image-2086\" class=\"soliloquy-image soliloquy-image-2 soliloquy-preload\" src=\"https:\/\/wms-engineering.de\/fr\/wp-content\/plugins\/soliloquy\/assets\/css\/images\/holder.gif\" data-soliloquy-src=\"https:\/\/wms-engineering.de\/fr\/wp-content\/uploads\/sites\/4\/2021\/02\/TWIN_homepage-fr.jpg\" alt=\"TWIN SOLUTION WMS\" data-soliloquy-src-mobile=\"https:\/\/wms-engineering.de\/fr\/wp-content\/uploads\/sites\/4\/2021\/02\/TWIN_homepage-fr-600x400_c.jpg\" data-no-lazy=\"1\"  \/><\/li><li aria-hidden=\"true\" class=\"soliloquy-item soliloquy-item-3 soliloquy-id-2085 soliloquy-image-slide\" draggable=\"false\" style=\"list-style:none;\"><img decoding=\"async\" id=\"soliloquy-image-2085\" class=\"soliloquy-image soliloquy-image-3 soliloquy-preload\" src=\"https:\/\/wms-engineering.de\/fr\/wp-content\/plugins\/soliloquy\/assets\/css\/images\/holder.gif\" data-soliloquy-src=\"https:\/\/wms-engineering.de\/fr\/wp-content\/uploads\/sites\/4\/2021\/02\/TRIPLE_homepage-fr.jpg\" alt=\"TRIPLE SOLUTION WMS\" data-soliloquy-src-mobile=\"https:\/\/wms-engineering.de\/fr\/wp-content\/uploads\/sites\/4\/2021\/02\/TRIPLE_homepage-fr-600x400_c.jpg\" data-no-lazy=\"1\"  \/><\/li><\/ul><\/div><noscript><div class=\"soliloquy-no-js\" style=\"display:none;visibility:hidden;height:0;line-height:0;opacity:0;\"><img decoding=\"async\" data-no-lazy=\"1\"  class=\"soliloquy-image soliloquy-no-js-image skip-lazy\" src=\"https:\/\/wms-engineering.de\/fr\/wp-content\/uploads\/sites\/4\/2021\/02\/SINGLE_homepage-fr.jpg\" alt=\"SINGLE SOLUTION WMS\" \/><img decoding=\"async\" data-no-lazy=\"1\"  class=\"soliloquy-image soliloquy-no-js-image skip-lazy\" src=\"https:\/\/wms-engineering.de\/fr\/wp-content\/uploads\/sites\/4\/2021\/02\/TWIN_homepage-fr.jpg\" alt=\"TWIN SOLUTION WMS\" \/><img decoding=\"async\" data-no-lazy=\"1\"  class=\"soliloquy-image soliloquy-no-js-image skip-lazy\" src=\"https:\/\/wms-engineering.de\/fr\/wp-content\/uploads\/sites\/4\/2021\/02\/TRIPLE_homepage-fr.jpg\" alt=\"TRIPLE SOLUTION WMS\" \/><\/div><\/noscript><\/div>\n<hr \/>\n<p><strong>L&#8217;usinage dans la cellule peut \u00eatre effectu\u00e9 de deux mani\u00e8res:<\/strong><\/p>\n<div class=\"uk-grid\" data-uk-grid-margin><div class=\"uk-width-medium-1-2\"><\/p>\n<p><img decoding=\"async\" class=\"alignnone wp-image-2580 size-full\" src=\"https:\/\/wms-engineering.de\/wp-content\/uploads\/2021\/01\/werkstueckgefuehrt.jpg\" alt=\"Werkst\u00fcckgef\u00fchrt Zelle \u2013 WMS\" width=\"700\" height=\"467\" \/><\/p>\n<p>\n<\/div>\n<div class=\"uk-width-medium-1-2\"><\/p>\n<h2>Guidage de la pi\u00e8ce<\/h2>\n<p>Dans le cas de l&#8217;\u00e9bavurage guid\u00e9 par la pi\u00e8ce, celle-ci est approch\u00e9e des diff\u00e9rents outils \u00e0 l&#8217;aide d&#8217;un robot. Cette variante convient pour les pi\u00e8ces dot\u00e9es d&#8217;un poids et de dimensions faibles \u00e0 moyennes.<\/p>\n<p>\n<\/div><\/div>\n<div class=\"uk-grid\" data-uk-grid-margin><div class=\"uk-width-medium-1-2\"><\/p>\n<p><img decoding=\"async\" class=\"alignnone wp-image-2581 size-full\" src=\"https:\/\/wms-engineering.de\/wp-content\/uploads\/2021\/01\/werkzeuggefuehrt.jpg\" alt=\"Werkzeuggef\u00fchrt Zelle \u2013 WMS\" width=\"700\" height=\"467\" \/><\/p>\n<p>\n<\/div>\n<div class=\"uk-width-medium-1-2\"><\/p>\n<h2>Guid\u00e9 par les outils<\/h2>\n<p>L&#8217;\u00e9bavurage guid\u00e9 par l&#8217;outil, en revanche, est fr\u00e9quemment utilis\u00e9 pour des pi\u00e8ces dont le poids ou les dimensions sont \u00e9lev\u00e9s. La pi\u00e8ce est alors fix\u00e9e dans une position d\u00e9finie et le robot guide les outils le long des contours \u00e0 \u00e9bavurer.<\/p>\n<p>\n<\/div><\/div>\n<p>&nbsp;<\/p>\n<h2>Les avantages de la cellule d&#8217;\u00e9bavurage WMS en un clin d\u2019\u0153il.<\/h2>\n<ul>\n<li>Transportable par chariot \u00e9l\u00e9vateur, sur un semi-remorque standard<\/li>\n<li>Key-Turn-Solution<\/li>\n<li>Large gamme de finitions<\/li>\n<li>Possibilit\u00e9 de fabrication de prototypes et de doigts de pinces en PA, (impression en 3D), dans notre usine.<\/li>\n<li>Disponibilit\u00e9 des pi\u00e8ces de rechange et gestion de la maintenance fiable<\/li>\n<li>Option t\u00e9l\u00e9maintenance pour une r\u00e9solution rapide des anomalies<\/li>\n<li>En tant qu&#8217;int\u00e9grateur de divers syst\u00e8mes robotis\u00e9s depuis plus de 30 ans, nous pouvons r\u00e9pondre pleinement aux besoins des clients<\/li>\n<li>Fabrication en interne<\/li>\n<\/ul>\n<p>&nbsp;<\/p>\n<p><a class=\"uk-button\" href=\"\/fr\/interlocuteurs\/\">FAITES VOTRE DEMANDE MAINTENANT<\/a><\/p>\n<p style=\"float: left\"><a class=\"uk-button\" href=\"\/fr\/outils\/\">Outils<\/a><\/p>\n<p style=\"float: right\"><a class=\"uk-button\" href=\"\/fr\/automatisation\/\">Automatisation<\/a><\/p>\n","protected":false},"excerpt":{"rendered":"<p>MACHINES SP\u00c9CIALES ET STANDARDS PEUVENT COHABITER. NOUS VOUS LE PROUVONS. Un syst\u00e8me modulaire standardis\u00e9 forme la base de nos machines. Il est adapt\u00e9 individuellement aux diff\u00e9rentes exigences du client par nos designers. Avec une possibilit\u00e9 d&#8217;extension modulaire (lavage, mesure, palettisation et une multitude d&#8217;autres possibilit\u00e9s), notre gamme \u00e9prouv\u00e9e permet de r\u00e9pondre \u00e0 quasiment toutes les [&hellip;]<\/p>\n","protected":false},"author":1,"featured_media":1614,"parent":0,"menu_order":0,"comment_status":"closed","ping_status":"closed","template":"","meta":{"footnotes":""},"aioseo_notices":[],"_links":{"self":[{"href":"https:\/\/wms-engineering.de\/fr\/wp-json\/wp\/v2\/pages\/57"}],"collection":[{"href":"https:\/\/wms-engineering.de\/fr\/wp-json\/wp\/v2\/pages"}],"about":[{"href":"https:\/\/wms-engineering.de\/fr\/wp-json\/wp\/v2\/types\/page"}],"author":[{"embeddable":true,"href":"https:\/\/wms-engineering.de\/fr\/wp-json\/wp\/v2\/users\/1"}],"replies":[{"embeddable":true,"href":"https:\/\/wms-engineering.de\/fr\/wp-json\/wp\/v2\/comments?post=57"}],"version-history":[{"count":6,"href":"https:\/\/wms-engineering.de\/fr\/wp-json\/wp\/v2\/pages\/57\/revisions"}],"predecessor-version":[{"id":2460,"href":"https:\/\/wms-engineering.de\/fr\/wp-json\/wp\/v2\/pages\/57\/revisions\/2460"}],"wp:featuredmedia":[{"embeddable":true,"href":"https:\/\/wms-engineering.de\/fr\/wp-json\/wp\/v2\/media\/1614"}],"wp:attachment":[{"href":"https:\/\/wms-engineering.de\/fr\/wp-json\/wp\/v2\/media?parent=57"}],"curies":[{"name":"wp","href":"https:\/\/api.w.org\/{rel}","templated":true}]}}