{"id":63,"date":"2017-06-27T11:51:44","date_gmt":"2017-06-27T09:51:44","guid":{"rendered":"https:\/\/wms-engineering.de\/?page_id=63"},"modified":"2018-06-19T15:34:36","modified_gmt":"2018-06-19T13:34:36","slug":"produktbilder-videos","status":"publish","type":"page","link":"https:\/\/wms-engineering.de\/fr\/produktbilder-videos\/","title":{"rendered":"Photos des produits \/ vid\u00e9os"},"content":{"rendered":"<h4>Une photo en dit plus que 1 000 mots. C&#8217;est la raison pour laquelle nous avons pr\u00e9par\u00e9 quelques photos et vid\u00e9os pour vous. Faites-vous une id\u00e9e convaincante de notre produit. C&#8217;est avec plaisir que nous nous rendrons chez vous, sur site, pour vous conseiller. Prenez contact avec notre \u00e9quipe de la distribution pour convenir d&#8217;un rendez-vous.<\/h4>\n<h3>Outils<\/h3>\n<p>Vous trouverez d&#8217;autres informations sur les outils \u00e0 la page <a href=\"https:\/\/wms-engineering.de\/fr\/werkzeuge\/\">Outils<\/a><\/p>\n<div class=\"uk-slidenav-position in-page-slideshow werkzeuge-slideshow\" data-uk-slideshow=\"{autoplay:true}\"><ul class=\"uk-slideshow uk-overlay-active\"><li><img decoding=\"async\" src=\"\/wp-content\/uploads\/2017\/07\/WMS_werkzeug_30e_s1.jpg\" data-no-lazy=\"1\" alt=\"Slideshow 1\" height=\"\" width=\"\"><div class=\"uk-overlay-panel uk-overlay-fade uk-flex uk-flex-top uk-hidden-medium uk-hidden-small\"><div id=\"slogan\" class=\"\"><h1 class=\"tools-slider-de\">Fr\u00e4sspindel 30e<\/h1><h1 class=\"tools-slider-en\">Milling spindle 30e<\/h1><h1 class=\"tools-slider-fr\">Broche porte-fraise 30e<\/h1><\/div><\/div><\/li><li><img decoding=\"async\" src=\"\/wp-content\/uploads\/2017\/07\/WMS_werkzeug_30r_s2.jpg\" data-no-lazy=\"1\" alt=\"Slideshow 2\" height=\"\" width=\"\"><div class=\"uk-overlay-panel uk-overlay-fade uk-flex uk-flex-top uk-hidden-medium uk-hidden-small\"><div id=\"slogan\" class=\"\"><h1 class=\"tools-slider-de\">Fr\u00e4sspindel 30r<\/h1><h1 class=\"tools-slider-en\">Milling spindle 30r<\/h1><h1 class=\"tools-slider-fr\">Broche porte-fraise 30r<\/h1><\/div><\/div><\/li><li><img decoding=\"async\" src=\"\/wp-content\/uploads\/2017\/07\/WMS_werkzeug_blaslanze_s3.jpg\" data-no-lazy=\"1\" alt=\"Slideshow 3\" height=\"\" width=\"\"><div class=\"uk-overlay-panel uk-overlay-fade uk-flex uk-flex-top uk-hidden-medium uk-hidden-small\"><div id=\"slogan\" class=\"\"><h1 class=\"tools-slider-de\">Blaslanze<\/h1><h1 class=\"tools-slider-en\">Blowing lance<\/h1><h1 class=\"tools-slider-fr\">Lance de soufflage<\/h1><\/div><\/div><\/li><li><img decoding=\"async\" src=\"\/wp-content\/uploads\/2017\/07\/WMS_werkzeug_34f_s4.jpg\" data-no-lazy=\"1\" alt=\"Slideshow 4\" height=\"\" width=\"\"><div class=\"uk-overlay-panel uk-overlay-fade uk-flex uk-flex-top uk-hidden-medium uk-hidden-small\"><div id=\"slogan\" class=\"\"><h1 class=\"tools-slider-de\">Langsamlaufendes <br>Werkzeug 34f<\/h1><h1 class=\"tools-slider-en\">Low-speed tool 34f<\/h1><h1 class=\"tools-slider-fr\">Outil \u00e0 rotation <br>lente 34f<\/h1><\/div><\/div><\/li><li><img decoding=\"async\" src=\"\/wp-content\/uploads\/2017\/07\/WMS_werkzeug_34h_s5.jpg\" data-no-lazy=\"1\" alt=\"Slideshow 5\" height=\"\" width=\"\"><div class=\"uk-overlay-panel uk-overlay-fade uk-flex uk-flex-top uk-hidden-medium uk-hidden-small\"><div id=\"slogan\" class=\"\"><h1 class=\"tools-slider-de\">Langsamlaufendes <br>Werkzeug 34h<\/h1><h1 class=\"tools-slider-en\">Low-speed tool 34h<\/h1><h1 class=\"tools-slider-fr\">Outil \u00e0 rotation <br>lente 34h<\/h1><\/div><\/div><\/li><li><img decoding=\"async\" src=\"\/wp-content\/uploads\/2017\/07\/WMS_werkzeug_37c_s6.jpg\" data-no-lazy=\"1\" alt=\"Slideshow 6\" height=\"\" width=\"\"><div class=\"uk-overlay-panel uk-overlay-fade uk-flex uk-flex-top uk-hidden-medium uk-hidden-small\"><div id=\"slogan\" class=\"\"><h1 class=\"tools-slider-de\">B\u00fcrste axial 37c<\/h1><h1 class=\"tools-slider-en\">Brush axial 37c<\/h1><h1 class=\"tools-slider-fr\">Brosse axiale 37c<\/h1><\/div><\/div><\/li><li><img decoding=\"async\" src=\"\/wp-content\/uploads\/2017\/07\/WMS_werkzeug_34c_s7.jpg\" data-no-lazy=\"1\" alt=\"Slideshow 7\" height=\"\" width=\"\"><div class=\"uk-overlay-panel uk-overlay-fade uk-flex uk-flex-top uk-hidden-medium uk-hidden-small\"><div id=\"slogan\" class=\"\"><h1 class=\"tools-slider-de\">Langsamlaufendes <br>Werkzeug 34c<\/h1><h1 class=\"tools-slider-en\">Low-speed tool 34c<\/h1><h1 class=\"tools-slider-fr\">Outil \u00e0 rotation <br>lente 34c<\/h1><\/div><\/div><\/li><li><img decoding=\"async\" src=\"\/wp-content\/uploads\/2017\/07\/WMS_werkzeug_35b_s8.jpg\" data-no-lazy=\"1\" alt=\"Slideshow 8\" height=\"\" width=\"\"><div class=\"uk-overlay-panel uk-overlay-fade uk-flex uk-flex-top uk-hidden-medium uk-hidden-small\"><div id=\"slogan\" class=\"\"><h1 class=\"tools-slider-de\">Winkelsenker 35b<\/h1><h1 class=\"tools-slider-en\">Angle countersink 35b<\/h1><h1 class=\"tools-slider-fr\">Fraise \u00e0 lamer <br>angulaire 35b<\/h1><\/div><\/div><\/li><\/ul><a href=\"\" class=\"uk-slidenav uk-slidenav-contrast uk-slidenav-previous uk-hidden-medium uk-hidden-small\" data-uk-slideshow-item=\"previous\"><\/a><a href=\"\" class=\"uk-slidenav uk-slidenav-next uk-hidden-medium uk-hidden-small\" data-uk-slideshow-item=\"next\"><\/a><\/div>\n<div class=\"uk-grid\" data-uk-grid-margin><div class=\"uk-width-medium-1-2\"><\/p>\n<h3>Projets r\u00e9alis\u00e9s<\/h3>\n<p>Cellules de manipulation pour composants ronds jusqu&#8217;\u00e0 30 kg. Des poids de composants plus importants sont r\u00e9alisables.<\/p>\n<p>\n<\/div>\n<div class=\"uk-width-medium-1-2\"><\/p>\n<p><img decoding=\"async\" class=\"alignnone size-full wp-image-456\" src=\"https:\/\/wms-engineering.de\/wp-content\/uploads\/sites\/4\/2017\/06\/WMS_johndeere_zelle.jpg\" alt=\"WMS Johndeere Zelle\" width=\"700\" height=\"476\" srcset=\"https:\/\/wms-engineering.de\/fr\/wp-content\/uploads\/sites\/4\/2017\/06\/WMS_johndeere_zelle.jpg 700w, https:\/\/wms-engineering.de\/fr\/wp-content\/uploads\/sites\/4\/2017\/06\/WMS_johndeere_zelle-300x204.jpg 300w\" sizes=\"(max-width: 700px) 100vw, 700px\" \/><\/p>\n<p>\n<\/div><\/div>\n<div class=\"uk-grid\" data-uk-grid-margin><div class=\"uk-width-medium-1-2\"><\/p>\n<p><img decoding=\"async\" class=\"alignnone size-full wp-image-458\" src=\"https:\/\/wms-engineering.de\/wp-content\/uploads\/sites\/4\/2017\/06\/WMS_daimler_twinzelle.jpg\" alt=\"WMS Daimler Twinzelle\" width=\"700\" height=\"467\" srcset=\"https:\/\/wms-engineering.de\/fr\/wp-content\/uploads\/sites\/4\/2017\/06\/WMS_daimler_twinzelle.jpg 700w, https:\/\/wms-engineering.de\/fr\/wp-content\/uploads\/sites\/4\/2017\/06\/WMS_daimler_twinzelle-300x200.jpg 300w\" sizes=\"(max-width: 700px) 100vw, 700px\" \/><\/p>\n<p>\n<\/div>\n<div class=\"uk-width-medium-1-2\"><\/p>\n<p>Cette cellule TWIN, avec 2 robots en collaboration, est d\u00e9j\u00e0 en service 24 heures sur 24, dans diff\u00e9rentes configurations, aupr\u00e8s de quelques uns de nos Clients satisfaits. Des composants d&#8217;un poids allant jusqu&#8217;\u00e0 10 kg sont ici pr\u00e9lev\u00e9s de la bande, \u00e9bavur\u00e9s, puis \u00e9vacu\u00e9s. Les pi\u00e8ces MSP et les pi\u00e8ces incorrectes peuvent \u00eatre extraites ind\u00e9pendamment de l&#8217;amen\u00e9e et de l&#8217;\u00e9vacuation, par exemple par l&#8217;interm\u00e9diaire d&#8217;une goulotte.<\/p>\n<p>\n<\/div><\/div>\n<div class=\"uk-grid\" data-uk-grid-margin><div class=\"uk-width-medium-1-2\"><\/p>\n<p>Pour nos apprentis, stagiaires et \u00e9tudiants, nous avons demand\u00e9 la r\u00e9alisation d&#8217;une cellule de formation, dans le cadre d&#8217;un travail de bachelor en notre \u00e9tablissement. Ce travail d&#8217;un dipl\u00f4m\u00e9 est destin\u00e9 \u00e0 donner la possibilit\u00e9, \u00e0 tous les dipl\u00f4m\u00e9s, d&#8217;entrer en contact avec la robotique. La cellule WMS peut, de par son mode de construction compact, \u00eatre mise \u00e0 la disposition d&#8217;\u00e9coles et d&#8217;universit\u00e9s : un investissement dans l&#8217;avenir de WMS et dans les cadres de demain.<\/p>\n<p>\n<\/div>\n<div class=\"uk-width-medium-1-2\"><\/p>\n<p><img decoding=\"async\" class=\"alignnone size-full wp-image-460\" src=\"https:\/\/wms-engineering.de\/wp-content\/uploads\/sites\/4\/2017\/06\/WMS_zelle_schulung.jpg\" alt=\"WMS Zelle Schulung\" width=\"700\" height=\"467\" srcset=\"https:\/\/wms-engineering.de\/fr\/wp-content\/uploads\/sites\/4\/2017\/06\/WMS_zelle_schulung.jpg 700w, https:\/\/wms-engineering.de\/fr\/wp-content\/uploads\/sites\/4\/2017\/06\/WMS_zelle_schulung-300x200.jpg 300w\" sizes=\"(max-width: 700px) 100vw, 700px\" \/><\/p>\n<p>\n<\/div><\/div>\n<div class=\"uk-grid\" data-uk-grid-margin><div class=\"uk-width-medium-1-2\"><\/p>\n<p><img decoding=\"async\" class=\"alignnone size-full wp-image-462\" src=\"https:\/\/wms-engineering.de\/wp-content\/uploads\/sites\/4\/2017\/06\/WMS_twinzelle_2008.jpg\" alt=\"WMS Twinzelle 2008\" width=\"700\" height=\"476\" srcset=\"https:\/\/wms-engineering.de\/fr\/wp-content\/uploads\/sites\/4\/2017\/06\/WMS_twinzelle_2008.jpg 700w, https:\/\/wms-engineering.de\/fr\/wp-content\/uploads\/sites\/4\/2017\/06\/WMS_twinzelle_2008-300x204.jpg 300w\" sizes=\"(max-width: 700px) 100vw, 700px\" \/><\/p>\n<p>\n<\/div>\n<div class=\"uk-width-medium-1-2\"><\/p>\n<p>Cette cellule TWIN, destin\u00e9e \u00e0 la manipulation et \u00e0 l&#8217;\u00e9bavurage de carters de pompes \u00e0 pistons, est entr\u00e9e en service en 2008 d\u00e9j\u00e0. La cellule est charg\u00e9e et d\u00e9charg\u00e9e, dans cette configuration, par un syst\u00e8me de tiroirs. \u00c0 cet \u00e9gard, un support est charg\u00e9 et d\u00e9charg\u00e9, tandis que l&#8217;autre support est manipul\u00e9, dans la cellule, par le robot. D\u00e8s que les pi\u00e8ces sont finies d&#8217;usinage et qu&#8217;elles sont red\u00e9pos\u00e9es par le robot, la tablette sup\u00e9rieure et la tablette inf\u00e9rieure sont remplac\u00e9es.<\/p>\n<p>\n<\/div><\/div>\n<div class=\"uk-grid\" data-uk-grid-margin><div class=\"uk-width-medium-1-2\"><\/p>\n<h3>D\u00c9TAILS \/ WMS-INSIGHT<\/h3>\n<p>Fait \u00e9galement partie du design des produits, chez nous, la conception des pinces. Conjointement avec notre partenaire Schunk, nous r\u00e9pondons ici \u00e0 pratiquement toutes les exigences, sans probl\u00e8mes et avec fiabilit\u00e9.<\/p>\n<p>\n<\/div>\n<div class=\"uk-width-medium-1-2\"><\/p>\n<p><img decoding=\"async\" class=\"alignnone size-full wp-image-464\" src=\"https:\/\/wms-engineering.de\/wp-content\/uploads\/sites\/4\/2017\/06\/WMS_produktdesign_greifer.jpg\" alt=\"WMS Produktdesign Greifer\" width=\"700\" height=\"467\" srcset=\"https:\/\/wms-engineering.de\/fr\/wp-content\/uploads\/sites\/4\/2017\/06\/WMS_produktdesign_greifer.jpg 700w, https:\/\/wms-engineering.de\/fr\/wp-content\/uploads\/sites\/4\/2017\/06\/WMS_produktdesign_greifer-300x200.jpg 300w\" sizes=\"(max-width: 700px) 100vw, 700px\" \/><\/p>\n<p>\n<\/div><\/div>\n<div class=\"uk-grid\" data-uk-grid-margin><div class=\"uk-width-medium-1-2\"><\/p>\n<p><img decoding=\"async\" class=\"alignnone size-full wp-image-466\" src=\"https:\/\/wms-engineering.de\/wp-content\/uploads\/sites\/4\/2017\/06\/WMS_greifer_uebergabe.jpg\" alt=\"WMS Greifer \u00dcebergabe\" width=\"700\" height=\"467\" srcset=\"https:\/\/wms-engineering.de\/fr\/wp-content\/uploads\/sites\/4\/2017\/06\/WMS_greifer_uebergabe.jpg 700w, https:\/\/wms-engineering.de\/fr\/wp-content\/uploads\/sites\/4\/2017\/06\/WMS_greifer_uebergabe-300x200.jpg 300w\" sizes=\"(max-width: 700px) 100vw, 700px\" \/><\/p>\n<p>\n<\/div>\n<div class=\"uk-width-medium-1-2\"><\/p>\n<p>Nos programmeurs de robots donnent le meilleur d&#8217;eux m\u00eames, lorsqu&#8217;il s&#8217;agit de t\u00e2ches d\u00e9licates. Le transfert d&#8217;un composant, entre un robot et le suivant, est alors pratiquement un jeu d&#8217;enfant.<\/p>\n<p>\n<\/div><\/div>\n<h3>Vid\u00e9os<\/h3>\n<p>Aux salons, chez le Client ou chez WMS, nos collaborateurs donnent vie en de nombreux lieux aux nombreuses pi\u00e8ces \u00e9l\u00e9mentaires et aux nombreux sous-ensembles, et il en d\u00e9coule ce que nous savons faire le mieux, depuis plus de 20 ans de d\u00e9veloppement: des cellules de robots enti\u00e8rement automatis\u00e9es. Faites-vous vous-m\u00eame une id\u00e9e convaincante:<\/p>\n<div class=\"BorlabsCookie _brlbs-cb-youtube\">\n<div class=\"_brlbs-content-blocker\">\n<div class=\"_brlbs-embed _brlbs-video-youtube\"> <img decoding=\"async\" class=\"_brlbs-thumbnail\" src=\"https:\/\/wms-engineering.de\/fr\/wp-content\/cache\/borlabs-cookie\/zW-HVSDf5SA_maxresdefault.jpg\" alt=\"YouTube\"> <\/p>\n<div class=\"_brlbs-caption\">\n<p>By loading the video, you agree to YouTube&#8217;s privacy policy.<br \/><a href=\"https:\/\/policies.google.com\/privacy\" target=\"_blank\" rel=\"nofollow noopener noreferrer\">Learn more<\/a><\/p>\n<p><a class=\"_brlbs-btn _brlbs-icon-play-white\" href=\"#\" data-borlabs-cookie-unblock role=\"button\">Load video<\/a><\/p>\n<p><label><input type=\"checkbox\" name=\"unblockAll\" value=\"1\" checked> <small>Always unblock YouTube<\/small><\/label><\/p>\n<\/p><\/div>\n<\/p><\/div>\n<\/p><\/div>\n<div class=\"borlabs-hide\" data-borlabs-cookie-type=\"content-blocker\" data-borlabs-cookie-id=\"youtube\"><script type=\"text\/template\">PGlmcmFtZSB3aWR0aD0iMTEzMCIgaGVpZ2h0PSI2MzYiIHNyYz0iaHR0cHM6Ly93d3cueW91dHViZS5jb20vZW1iZWQvelctSFZTRGY1U0E\/c3RhcnQ9MiZmZWF0dXJlPW9lbWJlZCIgZnJhbWVib3JkZXI9IjAiIGFsbG93PSJhdXRvcGxheTsgZW5jcnlwdGVkLW1lZGlhIiBhbGxvd2Z1bGxzY3JlZW4+PC9pZnJhbWU+<\/script><\/div>\n<\/div>\n<p>&nbsp;<\/p>\n<div class=\"BorlabsCookie _brlbs-cb-youtube\">\n<div class=\"_brlbs-content-blocker\">\n<div class=\"_brlbs-embed _brlbs-video-youtube\"> <img decoding=\"async\" class=\"_brlbs-thumbnail\" src=\"https:\/\/wms-engineering.de\/fr\/wp-content\/cache\/borlabs-cookie\/tBA5z5ycuec_maxresdefault.jpg\" alt=\"YouTube\"> <\/p>\n<div class=\"_brlbs-caption\">\n<p>By loading the video, you agree to YouTube&#8217;s privacy policy.<br \/><a href=\"https:\/\/policies.google.com\/privacy\" target=\"_blank\" rel=\"nofollow noopener noreferrer\">Learn more<\/a><\/p>\n<p><a class=\"_brlbs-btn _brlbs-icon-play-white\" href=\"#\" data-borlabs-cookie-unblock role=\"button\">Load video<\/a><\/p>\n<p><label><input type=\"checkbox\" name=\"unblockAll\" value=\"1\" checked> <small>Always unblock YouTube<\/small><\/label><\/p>\n<\/p><\/div>\n<\/p><\/div>\n<\/p><\/div>\n<div class=\"borlabs-hide\" data-borlabs-cookie-type=\"content-blocker\" data-borlabs-cookie-id=\"youtube\"><script type=\"text\/template\">PGlmcmFtZSB0aXRsZT0iUm9ib3Rlcmdlc3TDvHR6dGVzIFByw6R6aXNpb25zLUVudGdyYXRlbiB2b24gTW90b3JyYWQtTW90b3JibMO2Y2tlbiIgd2lkdGg9IjExMzAiIGhlaWdodD0iNjM2IiBzcmM9Imh0dHBzOi8vd3d3LnlvdXR1YmUuY29tL2VtYmVkL3RCQTV6NXljdWVjP2ZlYXR1cmU9b2VtYmVkIiBmcmFtZWJvcmRlcj0iMCIgYWxsb3c9ImFjY2VsZXJvbWV0ZXI7IGF1dG9wbGF5OyBjbGlwYm9hcmQtd3JpdGU7IGVuY3J5cHRlZC1tZWRpYTsgZ3lyb3Njb3BlOyBwaWN0dXJlLWluLXBpY3R1cmU7IHdlYi1zaGFyZSIgcmVmZXJyZXJwb2xpY3k9InN0cmljdC1vcmlnaW4td2hlbi1jcm9zcy1vcmlnaW4iIGFsbG93ZnVsbHNjcmVlbj48L2lmcmFtZT4=<\/script><\/div>\n<\/div>\n<p>&nbsp;<\/p>\n","protected":false},"excerpt":{"rendered":"<p>Une photo en dit plus que 1 000 mots. C&#8217;est la raison pour laquelle nous avons pr\u00e9par\u00e9 quelques photos et vid\u00e9os pour vous. Faites-vous une id\u00e9e convaincante de notre produit. C&#8217;est avec plaisir que nous nous rendrons chez vous, sur site, pour vous conseiller. Prenez contact avec notre \u00e9quipe de la distribution pour convenir d&#8217;un [&hellip;]<\/p>\n","protected":false},"author":1,"featured_media":452,"parent":0,"menu_order":0,"comment_status":"closed","ping_status":"closed","template":"","meta":{"footnotes":""},"aioseo_notices":[],"_links":{"self":[{"href":"https:\/\/wms-engineering.de\/fr\/wp-json\/wp\/v2\/pages\/63"}],"collection":[{"href":"https:\/\/wms-engineering.de\/fr\/wp-json\/wp\/v2\/pages"}],"about":[{"href":"https:\/\/wms-engineering.de\/fr\/wp-json\/wp\/v2\/types\/page"}],"author":[{"embeddable":true,"href":"https:\/\/wms-engineering.de\/fr\/wp-json\/wp\/v2\/users\/1"}],"replies":[{"embeddable":true,"href":"https:\/\/wms-engineering.de\/fr\/wp-json\/wp\/v2\/comments?post=63"}],"version-history":[{"count":6,"href":"https:\/\/wms-engineering.de\/fr\/wp-json\/wp\/v2\/pages\/63\/revisions"}],"predecessor-version":[{"id":1348,"href":"https:\/\/wms-engineering.de\/fr\/wp-json\/wp\/v2\/pages\/63\/revisions\/1348"}],"wp:featuredmedia":[{"embeddable":true,"href":"https:\/\/wms-engineering.de\/fr\/wp-json\/wp\/v2\/media\/452"}],"wp:attachment":[{"href":"https:\/\/wms-engineering.de\/fr\/wp-json\/wp\/v2\/media?parent=63"}],"curies":[{"name":"wp","href":"https:\/\/api.w.org\/{rel}","templated":true}]}}