{"id":70,"date":"2017-06-27T11:58:03","date_gmt":"2017-06-27T09:58:03","guid":{"rendered":"https:\/\/wms-engineering.de\/?page_id=70"},"modified":"2025-07-24T12:59:43","modified_gmt":"2025-07-24T10:59:43","slug":"profil","status":"publish","type":"page","link":"https:\/\/wms-engineering.de\/fr\/profil\/","title":{"rendered":"Profil"},"content":{"rendered":"<p>L\u2019entreprise WMS-engineering GmbH est un sp\u00e9cialiste reconnu dans le domaine des solutions d\u2019automatisation. Depuis 1986, nous d\u00e9veloppons et nous fabriquons tout ce qui est n\u00e9cessaire pour un usinage et un montage \u00e9conomiques, qu\u2019il s\u2019agisse d\u2019une machine individuelle ou d\u2019une installation compl\u00e8te.<\/p>\n<p>Les d\u00e9veloppements, sp\u00e9cifiques de nos Clients, constituent la base solide et \u00e9toff\u00e9e de notre spectre de prestations. C\u2019est avec plaisir que nous vous accompagnerons, depuis le tout premier concept jusqu&#8217;\u00e0 la mise en service rapide\u00a0: process engineering avec la pleine responsabilit\u00e9 et un service complet\u00a0; individuel, innovant et comp\u00e9tent.<\/p>\n<p>Depuis 2006, notre si\u00e8ge social se trouve \u00e0 Grie\u00dfen. Pour en savoir plus sur l&#8217;emplacement, consultez les sites suivants : <a href=\"https:\/\/www.hochrhein-erleben.de\/\">https:\/\/www.hochrhein-erleben.de\/<\/a> et <a href=\"https:\/\/www.klettgau.de\/\">https:\/\/www.klettgau.de\/<\/a><\/p>\n<p><img decoding=\"async\" class=\"alignnone wp-image-2443 size-full\" src=\"https:\/\/wms-engineering.de\/fr\/wp-content\/uploads\/sites\/4\/2024\/06\/Unternehmen_Profil.jpg\" alt=\"\" width=\"1130\" height=\"710\" srcset=\"https:\/\/wms-engineering.de\/fr\/wp-content\/uploads\/sites\/4\/2024\/06\/Unternehmen_Profil.jpg 1130w, https:\/\/wms-engineering.de\/fr\/wp-content\/uploads\/sites\/4\/2024\/06\/Unternehmen_Profil-300x188.jpg 300w, https:\/\/wms-engineering.de\/fr\/wp-content\/uploads\/sites\/4\/2024\/06\/Unternehmen_Profil-1024x643.jpg 1024w, https:\/\/wms-engineering.de\/fr\/wp-content\/uploads\/sites\/4\/2024\/06\/Unternehmen_Profil-768x483.jpg 768w\" sizes=\"(max-width: 1130px) 100vw, 1130px\" \/><\/p>\n<p>Notre entreprise a mis en place un syst\u00e8me de management de la qualit\u00e9 selon DIN EN ISO 9001:2000. Ce syst\u00e8me nous permet, avec les processus de notre organisation, de satisfaire avec efficacit\u00e9 \u00e0 toutes les exigences de qualit\u00e9 de nos Clients. Nous obtenons la qualit\u00e9 exig\u00e9e par des s\u00e9quences parfaitement d\u00e9finies, qui sont respect\u00e9es et en permanence surveill\u00e9es. Toutes les informations qui s&#8217;y rapportent sont collationn\u00e9es, \u00e9valu\u00e9es et document\u00e9es. Nous en faisons d\u00e9couler les mesures n\u00e9cessaires pour r\u00e9pondre aux besoins de nos Clients et du march\u00e9, ce qui nous permet d&#8217;am\u00e9liorer en permanence nos produits et nos processus.<\/p>\n<style type=\"text\/css\">#soliloquy-container-2283 .soliloquy-caption.soliloquy-caption-bottom,#soliloquy-container-2283 .soliloquy-caption-bottom .soliloquy-caption-inside {height: 100%;}#soliloquy-container-2283 .soliloquy-caption-bottom .soliloquy-caption-inside {background: linear-gradient(to right,rgba(0,0,0,0.5),rgba(255,255,255,0));display: flex;flex-direction: column;justify-content: center;text-align: left;}#soliloquy-container-2283 .soliloquy-caption-bottom .soliloquy-caption-inside h2 { font-size: 28px;line-height: 36px;color: #fff;}#soliloquy-container-2283 .soliloquy-caption-bottom .soliloquy-caption-inside p { font-family: \"Siro-Regular\", sans-serif; font-size: 1.2rem;margin-top: 15px;line-height: normal;}<\/style><div class=\"soliloquy-outer-container\" data-soliloquy-loaded=\"0\"><div aria-live=\"polite\" id=\"soliloquy-container-2283\" class=\"soliloquy-container soliloquy-transition-fade soliloquy-fade soliloquy-arrows-active  soliloquy-theme-base no-js\" style=\"max-width:1130px;max-height:580px;margin:0 auto 20px;\"><ul id=\"soliloquy-2283\" class=\"soliloquy-slider soliloquy-slides soliloquy-wrap soliloquy-clear\"><li aria-hidden=\"true\" class=\"soliloquy-item soliloquy-item-1 soliloquy-id-2284 soliloquy-image-slide\" draggable=\"false\" style=\"list-style:none;\"><img decoding=\"async\" id=\"soliloquy-image-2284\" class=\"soliloquy-image soliloquy-image-1\" src=\"https:\/\/wms-engineering.de\/fr\/wp-content\/uploads\/sites\/4\/2023\/02\/wms_mitarbeiter01.jpg\" alt=\"WMS Mitarbeiter\" data-no-lazy=\"1\"  \/><div class=\"soliloquy-caption soliloquy-caption-bottom soliloquy-caption-mobile\"><div class=\"soliloquy-caption-inside\"><h2 class=\"uk-hidden-small\">Je travaille chez WMS parce que, chaque jour, <br>de nouveaux d\u00e9fis m'attendent. Aucun jour ne <br>ressemble \u00e0 un autre.<\/h2><br><p>Joachim Stark,<br>\u00c9lectronicien en installations de fourniture d'\u00e9nergie chez WMS depuis 2002<\/p><\/div><\/div><\/li><li aria-hidden=\"true\" class=\"soliloquy-item soliloquy-item-2 soliloquy-id-2285 soliloquy-image-slide\" draggable=\"false\" style=\"list-style:none;\"><img decoding=\"async\" id=\"soliloquy-image-2285\" class=\"soliloquy-image soliloquy-image-2 soliloquy-preload\" src=\"https:\/\/wms-engineering.de\/fr\/wp-content\/plugins\/soliloquy\/assets\/css\/images\/holder.gif\" data-soliloquy-src=\"https:\/\/wms-engineering.de\/fr\/wp-content\/uploads\/sites\/4\/2023\/02\/wms_mitarbeiter02.jpg\" alt=\"WMS Mitarbeiter\" data-no-lazy=\"1\"  \/><div class=\"soliloquy-caption soliloquy-caption-bottom soliloquy-caption-mobile\"><div class=\"soliloquy-caption-inside\"><h2 class=\"uk-hidden-small\">Je travaille chez WMS parce que je peux <br>mettre mes id\u00e9es en application dans une <br>entreprise innovante.<\/h2><br><p>Uwe J\u00e4ger, notre nouveau coll\u00e8gue au service Conception \/ <br>Direction de Projets, depuis 2017<\/p><\/div><\/div><\/li><li aria-hidden=\"true\" class=\"soliloquy-item soliloquy-item-3 soliloquy-id-2286 soliloquy-image-slide\" draggable=\"false\" style=\"list-style:none;\"><img decoding=\"async\" id=\"soliloquy-image-2286\" class=\"soliloquy-image soliloquy-image-3 soliloquy-preload\" src=\"https:\/\/wms-engineering.de\/fr\/wp-content\/plugins\/soliloquy\/assets\/css\/images\/holder.gif\" data-soliloquy-src=\"https:\/\/wms-engineering.de\/fr\/wp-content\/uploads\/sites\/4\/2023\/02\/wms_mitarbeiter03_s3.jpg\" alt=\"WMS Mitarbeiter\" data-no-lazy=\"1\"  \/><div class=\"soliloquy-caption soliloquy-caption-bottom soliloquy-caption-mobile\"><div class=\"soliloquy-caption-inside\"><h2 class=\"uk-hidden-small\">Je travaille chez WMS parce qu'il y a <br>d'int\u00e9ressantes t\u00e2ches \u00e0 accomplir, dont je <br>m'acquitte avec diff\u00e9rentes machines.<\/h2><br><p>Martin Wetzel, en formation de m\u00e9canicien industriel depuis 2015<\/p><\/div><\/div><\/li><li aria-hidden=\"true\" class=\"soliloquy-item soliloquy-item-4 soliloquy-id-2287 soliloquy-image-slide\" draggable=\"false\" style=\"list-style:none;\"><img decoding=\"async\" id=\"soliloquy-image-2287\" class=\"soliloquy-image soliloquy-image-4 soliloquy-preload\" src=\"https:\/\/wms-engineering.de\/fr\/wp-content\/plugins\/soliloquy\/assets\/css\/images\/holder.gif\" data-soliloquy-src=\"https:\/\/wms-engineering.de\/fr\/wp-content\/uploads\/sites\/4\/2023\/02\/wms_mitarbeiter04_s4.jpg\" alt=\"WMS Mitarbeiter\" data-no-lazy=\"1\"  \/><div class=\"soliloquy-caption soliloquy-caption-bottom soliloquy-caption-mobile\"><div class=\"soliloquy-caption-inside\"><h2 class=\"uk-hidden-small\">Je travaille chez WMS parce que je suis <br>fascin\u00e9e par le large spectre de prestations <br>et les multiples possibilit\u00e9s dans le <br>domaine de l'automatisation.<\/h2><br><p>Malika Teuber, <br>Ing\u00e9nieur de la distribution chez WMS, depuis 2011<\/p><\/div><\/div><\/li><li aria-hidden=\"true\" class=\"soliloquy-item soliloquy-item-5 soliloquy-id-2288 soliloquy-image-slide\" draggable=\"false\" style=\"list-style:none;\"><img decoding=\"async\" id=\"soliloquy-image-2288\" class=\"soliloquy-image soliloquy-image-5 soliloquy-preload\" src=\"https:\/\/wms-engineering.de\/fr\/wp-content\/plugins\/soliloquy\/assets\/css\/images\/holder.gif\" data-soliloquy-src=\"https:\/\/wms-engineering.de\/fr\/wp-content\/uploads\/sites\/4\/2023\/02\/wms_mitarbeiter05_s5.jpg\" alt=\"WMS Mitarbeiter\" data-no-lazy=\"1\"  \/><div class=\"soliloquy-caption soliloquy-caption-bottom soliloquy-caption-mobile\"><div class=\"soliloquy-caption-inside\"><h2 class=\"uk-hidden-small\">Je travaille chez WMS parce que la technique <br>des robots me fascine beaucoup et que <br>l'entreprise permet de bien se perfectionner <br>dans le domaine de la programmation des API.<\/h2><br><p>Dominik Preiser, <br>Apprenti \u00e9lectronicien en installations de fourniture d'\u00e9nergie, depuis 2016<\/p><\/div><\/div><\/li><\/ul><\/div><noscript><div class=\"soliloquy-no-js\" style=\"display:none;visibility:hidden;height:0;line-height:0;opacity:0;\"><img decoding=\"async\" data-no-lazy=\"1\"  class=\"soliloquy-image soliloquy-no-js-image skip-lazy\" src=\"https:\/\/wms-engineering.de\/fr\/wp-content\/uploads\/sites\/4\/2023\/02\/wms_mitarbeiter01.jpg\" alt=\"WMS Mitarbeiter\" \/><img decoding=\"async\" data-no-lazy=\"1\"  class=\"soliloquy-image soliloquy-no-js-image skip-lazy\" src=\"https:\/\/wms-engineering.de\/fr\/wp-content\/uploads\/sites\/4\/2023\/02\/wms_mitarbeiter02.jpg\" alt=\"WMS Mitarbeiter\" \/><img decoding=\"async\" data-no-lazy=\"1\"  class=\"soliloquy-image soliloquy-no-js-image skip-lazy\" src=\"https:\/\/wms-engineering.de\/fr\/wp-content\/uploads\/sites\/4\/2023\/02\/wms_mitarbeiter03_s3.jpg\" alt=\"WMS Mitarbeiter\" \/><img decoding=\"async\" data-no-lazy=\"1\"  class=\"soliloquy-image soliloquy-no-js-image skip-lazy\" src=\"https:\/\/wms-engineering.de\/fr\/wp-content\/uploads\/sites\/4\/2023\/02\/wms_mitarbeiter04_s4.jpg\" alt=\"WMS Mitarbeiter\" \/><img decoding=\"async\" data-no-lazy=\"1\"  class=\"soliloquy-image soliloquy-no-js-image skip-lazy\" src=\"https:\/\/wms-engineering.de\/fr\/wp-content\/uploads\/sites\/4\/2023\/02\/wms_mitarbeiter05_s5.jpg\" alt=\"WMS Mitarbeiter\" \/><\/div><\/noscript><\/div>\n<p style=\"float: left\"><a class=\"uk-button\" href=\"\/fr\/entreprise\/\">Entreprise<\/a><\/p>\n<p style=\"float: right\"><a class=\"uk-button\" href=\"https:\/\/wms-engineering.de\/fr\/geschaeftsleitung\/\">Direction<\/a><\/p>\n","protected":false},"excerpt":{"rendered":"<p>L\u2019entreprise WMS-engineering GmbH est un sp\u00e9cialiste reconnu dans le domaine des solutions d\u2019automatisation. Depuis 1986, nous d\u00e9veloppons et nous fabriquons tout ce qui est n\u00e9cessaire pour un usinage et un montage \u00e9conomiques, qu\u2019il s\u2019agisse d\u2019une machine individuelle ou d\u2019une installation compl\u00e8te. Les d\u00e9veloppements, sp\u00e9cifiques de nos Clients, constituent la base solide et \u00e9toff\u00e9e de notre [&hellip;]<\/p>\n","protected":false},"author":1,"featured_media":363,"parent":0,"menu_order":0,"comment_status":"closed","ping_status":"closed","template":"profil-fr.php","meta":{"footnotes":""},"aioseo_notices":[],"_links":{"self":[{"href":"https:\/\/wms-engineering.de\/fr\/wp-json\/wp\/v2\/pages\/70"}],"collection":[{"href":"https:\/\/wms-engineering.de\/fr\/wp-json\/wp\/v2\/pages"}],"about":[{"href":"https:\/\/wms-engineering.de\/fr\/wp-json\/wp\/v2\/types\/page"}],"author":[{"embeddable":true,"href":"https:\/\/wms-engineering.de\/fr\/wp-json\/wp\/v2\/users\/1"}],"replies":[{"embeddable":true,"href":"https:\/\/wms-engineering.de\/fr\/wp-json\/wp\/v2\/comments?post=70"}],"version-history":[{"count":7,"href":"https:\/\/wms-engineering.de\/fr\/wp-json\/wp\/v2\/pages\/70\/revisions"}],"predecessor-version":[{"id":2446,"href":"https:\/\/wms-engineering.de\/fr\/wp-json\/wp\/v2\/pages\/70\/revisions\/2446"}],"wp:featuredmedia":[{"embeddable":true,"href":"https:\/\/wms-engineering.de\/fr\/wp-json\/wp\/v2\/media\/363"}],"wp:attachment":[{"href":"https:\/\/wms-engineering.de\/fr\/wp-json\/wp\/v2\/media?parent=70"}],"curies":[{"name":"wp","href":"https:\/\/api.w.org\/{rel}","templated":true}]}}