{"id":73,"date":"2017-06-27T11:59:20","date_gmt":"2017-06-27T09:59:20","guid":{"rendered":"https:\/\/wms-engineering.de\/?page_id=73"},"modified":"2025-01-15T14:52:39","modified_gmt":"2025-01-15T13:52:39","slug":"geschaeftsleitung","status":"publish","type":"page","link":"https:\/\/wms-engineering.de\/fr\/geschaeftsleitung\/","title":{"rendered":"Direction"},"content":{"rendered":"<h4>L&#8217;\u00e9volution que nous avons connue au cours des 30 derni\u00e8res ann\u00e9es est le r\u00e9sultat d&#8217;une excellente Direction \u00e0 la t\u00eate de notre entreprise, qui est dirig\u00e9e par ses fondateurs. Les deux secteurs d&#8217;activit\u00e9s, c&#8217;est-\u00e0-dire la distribution et l&#8217;apr\u00e8s-vente, de m\u00eame que la production et le d\u00e9veloppement, sont r\u00e9partis entre les deux g\u00e9rants de notre entreprise.<\/h4>\n<p>Au niveau de la distribution et de l&#8217;apr\u00e8s-vente, Stephan von Schneyder, fondateur, reste le premier interlocuteur du Client et assure le pilotage central de la strat\u00e9gie commerciale. Ralf Dietsche, deuxi\u00e8me g\u00e9rant qui a r\u00e9cemment rejoint l&#8217;entreprise, est responsable du d\u00e9roulement de la production, de m\u00eame que de la coordination op\u00e9rationnelle et de la mise en \u0153uvre de nos nouveaux d\u00e9veloppements.<\/p>\n<div class=\"uk-grid\" data-uk-grid-margin><div class=\"uk-width-medium-1-2\"><\/p>\n<p><img decoding=\"async\" class=\"alignnone wp-image-3212 size-full\" src=\"https:\/\/wms-engineering.de\/wp-content\/uploads\/2023\/08\/Stephan-von-Schneyder_v2-3.jpg\" alt=\"\" width=\"700\" height=\"476\" \/><\/p>\n<h3>Stephan von Schneyder<\/h3>\n<h4>Associ\u00e9 g\u00e9rant<\/h4>\n<p>\n<\/div>\n<div class=\"uk-width-medium-1-2\"><\/p>\n<p><img decoding=\"async\" class=\"alignnone wp-image-3213 size-full\" src=\"https:\/\/wms-engineering.de\/wp-content\/uploads\/2023\/08\/Ralf-Dietsche2.jpg\" alt=\"\" width=\"700\" height=\"476\" \/><\/p>\n<h3>Ralf Dietsche<\/h3>\n<h4>G\u00e9rant<\/h4>\n<p>\n<\/div><\/div>\n<div class=\"uk-grid\" data-uk-grid-margin><div class=\"uk-width-medium-1-2\"><\/p>\n<p><img decoding=\"async\" class=\"alignnone wp-image-3201 size-full\" src=\"https:\/\/wms-engineering.de\/wp-content\/uploads\/2023\/08\/Joerg-Griebel.jpg\" alt=\"\" width=\"700\" height=\"476\" \/><\/p>\n<h3>J\u00f6rg Griebel<\/h3>\n<h4>Directeur de la division \u00c9lectrotechnique &amp; IT<\/h4>\n<p>\n<\/div>\n<div class=\"uk-width-medium-1-2\"><\/p>\n<p><img decoding=\"async\" class=\"alignnone wp-image-2292 size-full\" src=\"https:\/\/wms-engineering.de\/wp-content\/uploads\/2023\/08\/Thomas-Elger_neu.jpg\" alt=\"\" width=\"700\" height=\"476\" \/><\/p>\n<h3>Thomas Elger<\/h3>\n<h4>Directeur de la division Achats &amp; Management de la qualit\u00e9<\/h4>\n<p>\n<\/div><\/div>\n<p>&nbsp;<\/p>\n<p style=\"float: left\"><a class=\"uk-button\" href=\"\/fr\/profil\/\">Profil<\/a><\/p>\n<p style=\"float: right\"><a class=\"uk-button\" href=\"\/fr\/lhistoire\/\">l&#8217;histoire<\/a><\/p>\n","protected":false},"excerpt":{"rendered":"<p>L&#8217;\u00e9volution que nous avons connue au cours des 30 derni\u00e8res ann\u00e9es est le r\u00e9sultat d&#8217;une excellente Direction \u00e0 la t\u00eate de notre entreprise, qui est dirig\u00e9e par ses fondateurs. Les deux secteurs d&#8217;activit\u00e9s, c&#8217;est-\u00e0-dire la distribution et l&#8217;apr\u00e8s-vente, de m\u00eame que la production et le d\u00e9veloppement, sont r\u00e9partis entre les deux g\u00e9rants de notre entreprise. [&hellip;]<\/p>\n","protected":false},"author":1,"featured_media":2445,"parent":0,"menu_order":0,"comment_status":"closed","ping_status":"closed","template":"","meta":{"footnotes":""},"aioseo_notices":[],"_links":{"self":[{"href":"https:\/\/wms-engineering.de\/fr\/wp-json\/wp\/v2\/pages\/73"}],"collection":[{"href":"https:\/\/wms-engineering.de\/fr\/wp-json\/wp\/v2\/pages"}],"about":[{"href":"https:\/\/wms-engineering.de\/fr\/wp-json\/wp\/v2\/types\/page"}],"author":[{"embeddable":true,"href":"https:\/\/wms-engineering.de\/fr\/wp-json\/wp\/v2\/users\/1"}],"replies":[{"embeddable":true,"href":"https:\/\/wms-engineering.de\/fr\/wp-json\/wp\/v2\/comments?post=73"}],"version-history":[{"count":5,"href":"https:\/\/wms-engineering.de\/fr\/wp-json\/wp\/v2\/pages\/73\/revisions"}],"predecessor-version":[{"id":2463,"href":"https:\/\/wms-engineering.de\/fr\/wp-json\/wp\/v2\/pages\/73\/revisions\/2463"}],"wp:featuredmedia":[{"embeddable":true,"href":"https:\/\/wms-engineering.de\/fr\/wp-json\/wp\/v2\/media\/2445"}],"wp:attachment":[{"href":"https:\/\/wms-engineering.de\/fr\/wp-json\/wp\/v2\/media?parent=73"}],"curies":[{"name":"wp","href":"https:\/\/api.w.org\/{rel}","templated":true}]}}