{"id":87,"date":"2017-06-27T12:29:28","date_gmt":"2017-06-27T10:29:28","guid":{"rendered":"https:\/\/wms-engineering.de\/?page_id=87"},"modified":"2026-01-07T10:23:26","modified_gmt":"2026-01-07T09:23:26","slug":"interlocuteurs","status":"publish","type":"page","link":"https:\/\/wms-engineering.de\/fr\/interlocuteurs\/","title":{"rendered":"Interlocuteurs"},"content":{"rendered":"<h4>Vous avez des questions concernant nos produits et nos prestations, vous avez des difficult\u00e9s ou des anomalies sur une machine?<\/h4>\n<p>Nous sommes joignables tous les jours, de 8.00 h \u00e0 17.00 h, au num\u00e9ro de d\u00e9pannage central + 49 (0) 7742 85 757-100. \u00c0 ces fins, vous pouvez \u00e9galement tout \u00e0 fait utiliser notre <a href=\"\/fr\/kontakt\/\">formulaire de contact<\/a>.<\/p>\n<h3><strong>Service commercial<\/strong><\/h3>\n<div class=\"uk-grid\" data-uk-grid-margin><div class=\"uk-width-medium-1-2\"><\/p>\n<p><img decoding=\"async\" class=\"alignnone size-full wp-image-550\" src=\"https:\/\/wms-engineering.de\/wp-content\/uploads\/2017\/07\/wms_ansprechpartner_teuber.jpg\" alt=\"WMS Ansprechpartner Teuber\" width=\"700\" height=\"476\" srcset=\"https:\/\/wms-engineering.de\/fr\/wp-content\/uploads\/sites\/4\/2017\/07\/wms_ansprechpartner_teuber.jpg 700w, https:\/\/wms-engineering.de\/fr\/wp-content\/uploads\/sites\/4\/2017\/07\/wms_ansprechpartner_teuber-300x204.jpg 300w\" sizes=\"(max-width: 700px) 100vw, 700px\" \/><\/p>\n<h3>Malika Teuber<\/h3>\n<h4>Chef d&#8217;\u00e9quipe des ventes<\/h4>\n<p>T +49 (0) 7742 85 757-165<\/p>\n<p><a href=\"mailto:m.teuber@wms-engineering.de\">m.teuber@wms-engineering.de<\/a><\/p>\n<p>Langues: DE \/ EN<\/p>\n<p><a class=\"uk-button\" href=\"mailto:m.teuber@wms-engineering.de\">Envoyer e-mail<\/a><\/p>\n<p>\n<\/div>\n<div class=\"uk-width-medium-1-2\"><\/p>\n<p><img decoding=\"async\" class=\"alignnone wp-image-3242 size-full\" src=\"https:\/\/wms-engineering.de\/wp-content\/uploads\/2023\/09\/Matthias-Bohn.jpg\" alt=\"\" width=\"700\" height=\"476\" \/><\/p>\n<h3>Matthias Bohn<\/h3>\n<h4>Key Account Manager<\/h4>\n<p>T +49 (0) 7742 85 757-169<\/p>\n<p><a href=\"mailto:m.bohn@wms-engineering.de\">m.bohn@wms-engineering.de<\/a><\/p>\n<p>Langues: DE \/ EN<\/p>\n<p><a class=\"uk-button\" href=\"mailto:m.bohn@wms-engineering.de\">Envoyer e-mail<\/a><\/p>\n<\/div><\/div>\n<div class=\"uk-grid\" data-uk-grid-margin><div class=\"uk-width-medium-1-2\"><\/p>\n<p><img decoding=\"async\" class=\"alignnone wp-image-3249 size-full\" src=\"https:\/\/wms-engineering.de\/wp-content\/uploads\/2023\/09\/Martin-Limberger.jpg\" alt=\"\" width=\"700\" height=\"476\" \/><\/p>\n<h3>Martin Limberger<\/h3>\n<h4>After Sales\/Interlocuteur pour les pi\u00e8ces de rechange<br \/>\nLe frittage laser s\u00e9lectif<br \/>\nGestion des Processus &amp; des produits<\/h4>\n<p>T +49 (0) 7742 85 757 &#8211; 168<\/p>\n<p><a href=\"mailto:m.limberger@wms-engineering.de\">m.limberger@wms-engineering.de<\/a><\/p>\n<p>Langues: DE \/ EN<\/p>\n<p><a class=\"uk-button\" href=\"mailto:m.limberger@wms-engineering.de\">Envoyer e-mail<\/a><\/p>\n<p>\n<\/div>\n<div class=\"uk-width-medium-1-2\"><\/p>\n<p>\n<\/div><\/div>\n<h3>Administration \/ Achats<\/h3>\n<div class=\"uk-grid\" data-uk-grid-margin><div class=\"uk-width-medium-1-2\"><\/p>\n<p><img decoding=\"async\" class=\"alignnone wp-image-3202 size-full\" src=\"https:\/\/wms-engineering.de\/wp-content\/uploads\/2023\/08\/Thomas-Elger_neu.jpg\" alt=\"\" width=\"700\" height=\"476\" \/><\/p>\n<h3>Thomas Elger<\/h3>\n<h4>Achats &amp; Management de la qualit\u00e9<\/h4>\n<p>T +49 (0) 7742 85 757-0<\/p>\n<p><a href=\"mailto:einkauf@wms-engineering.de\">einkauf@wms-engineering.de<\/a><\/p>\n<p>Langues: DE \/ EN<\/p>\n<p><a class=\"uk-button\" href=\"mailto:einkauf@wms-engineering.de\">Envoyer e-mail<\/a><\/p>\n<p>\n<\/div>\n<div class=\"uk-width-medium-1-2\"><p><\/p>\n<\/div><\/div>\n<h3>Personnel<\/h3>\n<div class=\"uk-grid\" data-uk-grid-margin><div class=\"uk-width-medium-1-2\"><\/p>\n<p><img decoding=\"async\" id=\"ifendstehling\" class=\"alignnone wp-image-3243 size-full\" src=\"https:\/\/wms-engineering.de\/wp-content\/uploads\/2023\/09\/Ines-Fend-Stehling.jpg\" alt=\"\" width=\"700\" height=\"476\" \/><\/p>\n<h3>Ines Fend-Stehling<\/h3>\n<h4>Directrice du personnel<\/h4>\n<p>T +49 (0) 7742 85 757-0<\/p>\n<p><a href=\"mailto:personal@wms-engineering.de\">personal@wms-engineering.de<\/a><\/p>\n<p>Langues: DE \/ EN<\/p>\n<p><a class=\"uk-button\" href=\"mailto:personal@wms-engineering.de\">Envoyer e-mail<\/a><\/p>\n<\/div>\n","protected":false},"excerpt":{"rendered":"<p>Vous avez des questions concernant nos produits et nos prestations, vous avez des difficult\u00e9s ou des anomalies sur une machine? Nous sommes joignables tous les jours, de 8.00 h \u00e0 17.00 h, au num\u00e9ro de d\u00e9pannage central + 49 (0) 7742 85 757-100. \u00c0 ces fins, vous pouvez \u00e9galement tout \u00e0 fait utiliser notre formulaire [&hellip;]<\/p>\n","protected":false},"author":1,"featured_media":541,"parent":0,"menu_order":0,"comment_status":"closed","ping_status":"closed","template":"","meta":{"footnotes":""},"aioseo_notices":[],"_links":{"self":[{"href":"https:\/\/wms-engineering.de\/fr\/wp-json\/wp\/v2\/pages\/87"}],"collection":[{"href":"https:\/\/wms-engineering.de\/fr\/wp-json\/wp\/v2\/pages"}],"about":[{"href":"https:\/\/wms-engineering.de\/fr\/wp-json\/wp\/v2\/types\/page"}],"author":[{"embeddable":true,"href":"https:\/\/wms-engineering.de\/fr\/wp-json\/wp\/v2\/users\/1"}],"replies":[{"embeddable":true,"href":"https:\/\/wms-engineering.de\/fr\/wp-json\/wp\/v2\/comments?post=87"}],"version-history":[{"count":5,"href":"https:\/\/wms-engineering.de\/fr\/wp-json\/wp\/v2\/pages\/87\/revisions"}],"predecessor-version":[{"id":2453,"href":"https:\/\/wms-engineering.de\/fr\/wp-json\/wp\/v2\/pages\/87\/revisions\/2453"}],"wp:featuredmedia":[{"embeddable":true,"href":"https:\/\/wms-engineering.de\/fr\/wp-json\/wp\/v2\/media\/541"}],"wp:attachment":[{"href":"https:\/\/wms-engineering.de\/fr\/wp-json\/wp\/v2\/media?parent=87"}],"curies":[{"name":"wp","href":"https:\/\/api.w.org\/{rel}","templated":true}]}}