{"id":98,"date":"2017-06-28T14:33:22","date_gmt":"2017-06-28T12:33:22","guid":{"rendered":"https:\/\/wms-engineering.de\/?page_id=98"},"modified":"2018-05-24T13:49:24","modified_gmt":"2018-05-24T11:49:24","slug":"newsletter","status":"publish","type":"page","link":"https:\/\/wms-engineering.de\/fr\/newsletter\/","title":{"rendered":"Newsletter"},"content":{"rendered":"<h4>Ne manquez plus jamais les informations sur le th\u00e8me de l&#8217;\u00e9bavurage, sur les nouveaut\u00e9s en mati\u00e8re de produits, sur les nouveaux brevets de la branche et sur les prestations que nous vous proposons. Avec notre newsletter gratuite, vous vous tenez r\u00e9guli\u00e8rement au courant. Vous pouvez mettre fin \u00e0 cet abonnement \u00e0 tout moment, par le biais du lien de d\u00e9sabonnement figurant dans la newsletter.<\/h4>\n  \n  \n  <div class=\"\n    mailpoet_form_popup_overlay\n      \"><\/div>\n  <div\n    id=\"mailpoet_form_1\"\n    class=\"\n      mailpoet_form\n      mailpoet_form_shortcode\n      mailpoet_form_position_\n      mailpoet_form_animation_\n    \"\n      >\n\n    <style type=\"text\/css\">\n     #mailpoet_form_1 .mailpoet_form {  }\n#mailpoet_form_1 .mailpoet_paragraph { line-height: 20px; }\n#mailpoet_form_1 .mailpoet_segment_label, #mailpoet_form_1 .mailpoet_text_label, #mailpoet_form_1 .mailpoet_textarea_label, #mailpoet_form_1 .mailpoet_select_label, #mailpoet_form_1 .mailpoet_radio_label, #mailpoet_form_1 .mailpoet_checkbox_label, #mailpoet_form_1 .mailpoet_list_label, #mailpoet_form_1 .mailpoet_date_label { display: block; }\n#mailpoet_form_1 .mailpoet_text, #mailpoet_form_1 .mailpoet_textarea, #mailpoet_form_1 .mailpoet_select, #mailpoet_form_1 .mailpoet_date_month, #mailpoet_form_1 .mailpoet_date_day, #mailpoet_form_1 .mailpoet_date_year, #mailpoet_form_1 .mailpoet_date { display: block; }\n#mailpoet_form_1 .mailpoet_text, #mailpoet_form_1 .mailpoet_textarea { width: 355px; }\n#mailpoet_form_1 .mailpoet_checkbox {  }\n#mailpoet_form_1 input.mailpoet_submit { -webkit-appearance: none; padding: 0 20px; background: #e5007d; color: #fff; font-family: \"Siro-Regular\",sans-serif; min-height: 30px; text-transform: uppercase; border: none; }\n#mailpoet_form_1 input.mailpoet_submit:hover { background-color: #979ba2; cursor: pointer; }\n#mailpoet_form_1 .mailpoet_divider {  }\n#mailpoet_form_1 .mailpoet_message {  }\n#mailpoet_form_1 .mailpoet_validate_success { color: #468847; }\n#mailpoet_form_1 .mailpoet_validate_error { color: #b94a48; }#mailpoet_form_1{;}#mailpoet_form_1 .mailpoet_message {margin: 0; padding: 0 20px;}#mailpoet_form_1 .mailpoet_paragraph.last {margin-bottom: 0} @media (max-width: 500px) {#mailpoet_form_1 {background-image: none;}} @media (min-width: 500px) {#mailpoet_form_1 .last .mailpoet_paragraph:last-child {margin-bottom: 0}}  @media (max-width: 500px) {#mailpoet_form_1 .mailpoet_form_column:last-child .mailpoet_paragraph:last-child {margin-bottom: 0}} \n    <\/style>\n\n    <form\n      target=\"_self\"\n      method=\"post\"\n      action=\"https:\/\/wms-engineering.de\/fr\/wp-admin\/admin-post.php?action=mailpoet_subscription_form\"\n      class=\"mailpoet_form mailpoet_form_form mailpoet_form_shortcode\"\n      novalidate\n      data-delay=\"\"\n      data-exit-intent-enabled=\"\"\n      data-font-family=\"\"\n      data-cookie-expiration-time=\"\"\n    >\n      <input type=\"hidden\" name=\"data[form_id]\" value=\"1\" \/>\n      <input type=\"hidden\" name=\"token\" value=\"576a3d3914\" \/>\n      <input type=\"hidden\" name=\"api_version\" value=\"v1\" \/>\n      <input type=\"hidden\" name=\"endpoint\" value=\"subscribers\" \/>\n      <input type=\"hidden\" name=\"mailpoet_method\" value=\"subscribe\" \/>\n\n      <label class=\"mailpoet_hp_email_label\" style=\"display: none !important;\">Bitte dieses Feld leer lassen<input type=\"email\" name=\"data[email]\"\/><\/label><div class=\"mailpoet_paragraph\"><label for=\"form_first_name_1\" class=\"mailpoet_text_label\"  data-automation-id=\"form_first_name_label\" >Pr\u00e9nom <span class=\"mailpoet_required\" aria-hidden=\"true\">*<\/span><\/label><input type=\"text\" autocomplete=\"given-name\" class=\"mailpoet_text\" id=\"form_first_name_1\" name=\"data[form_field_YmZkOWEwNzBlYjcxX2ZpcnN0X25hbWU=]\" title=\"Pr\u00e9nom\" value=\"\" data-automation-id=\"form_first_name\" data-parsley-errors-container=\".mailpoet_error_bjhse\" data-parsley-names='[&quot;Bitte gib einen g\u00fcltigen Namen an.&quot;,&quot;Adressen in Namen sind nicht erlaubt, bitte f\u00fcge stattdessen deinen Namen hinzu.&quot;]' data-parsley-required=\"true\" required aria-required=\"true\" data-parsley-required-message=\"Dieses Feld wird ben\u00f6tigt.\"\/><span class=\"mailpoet_error_bjhse\"><\/span><\/div>\n<div class=\"mailpoet_paragraph\"><label for=\"form_last_name_1\" class=\"mailpoet_text_label\"  data-automation-id=\"form_last_name_label\" >Nom <span class=\"mailpoet_required\" aria-hidden=\"true\">*<\/span><\/label><input type=\"text\" autocomplete=\"family-name\" class=\"mailpoet_text\" id=\"form_last_name_1\" name=\"data[form_field_M2VjOWVmZWNkOGQxX2xhc3RfbmFtZQ==]\" title=\"Nom\" value=\"\" data-automation-id=\"form_last_name\" data-parsley-errors-container=\".mailpoet_error_1x5ev\" data-parsley-names='[&quot;Bitte gib einen g\u00fcltigen Namen an.&quot;,&quot;Adressen in Namen sind nicht erlaubt, bitte f\u00fcge stattdessen deinen Namen hinzu.&quot;]' data-parsley-required=\"true\" required aria-required=\"true\" data-parsley-required-message=\"Dieses Feld wird ben\u00f6tigt.\"\/><span class=\"mailpoet_error_1x5ev\"><\/span><\/div>\n<div class=\"mailpoet_paragraph\"><label for=\"form_email_1\" class=\"mailpoet_text_label\"  data-automation-id=\"form_email_label\" >E-Mail <span class=\"mailpoet_required\" aria-hidden=\"true\">*<\/span><\/label><input type=\"email\" autocomplete=\"email\" class=\"mailpoet_text\" id=\"form_email_1\" name=\"data[form_field_ZjQwNzlmMjFmNzFhX2VtYWls]\" title=\"E-Mail\" value=\"\" data-automation-id=\"form_email\" data-parsley-errors-container=\".mailpoet_error_1q7hd\" data-parsley-required=\"true\" required aria-required=\"true\" data-parsley-minlength=\"6\" data-parsley-maxlength=\"150\" data-parsley-type-message=\"Dieser Wert sollte eine g\u00fcltige E-Mail-Adresse sein.\" data-parsley-required-message=\"Dieses Feld wird ben\u00f6tigt.\"\/><span class=\"mailpoet_error_1q7hd\"><\/span><\/div>\n<div class=\"mailpoet_paragraph\"><input type=\"submit\" class=\"mailpoet_submit\" value=\"s&#039;abonner\" data-automation-id=\"subscribe-submit-button\" style=\"border-color:transparent;\" \/><span class=\"mailpoet_form_loading\"><span class=\"mailpoet_bounce1\"><\/span><span class=\"mailpoet_bounce2\"><\/span><span class=\"mailpoet_bounce3\"><\/span><\/span><\/div>\n\n      <div class=\"mailpoet_message\">\n        <p class=\"mailpoet_validate_success\"\n                style=\"display:none;\"\n                >V\u00e9rifiez votre bo\u00eete de r\u00e9ception ou votre dossier de spam pour confirmer votre inscription.\n        <\/p>\n        <p class=\"mailpoet_validate_error\"\n                style=\"display:none;\"\n                >        <\/p>\n      <\/div>\n    <\/form>\n\n      <\/div>\n\n  \n<p>\u00c0 cet \u00e9gard, merci de bien vouloir \u00e9galement prendre en compte les <a href=\"\/fr\/datenschutz\/\">dispositions relatives \u00e0 la protection des donn\u00e9es<\/a>.<\/p>\n","protected":false},"excerpt":{"rendered":"<p>Ne manquez plus jamais les informations sur le th\u00e8me de l&#8217;\u00e9bavurage, sur les nouveaut\u00e9s en mati\u00e8re de produits, sur les nouveaux brevets de la branche et sur les prestations que nous vous proposons. Avec notre newsletter gratuite, vous vous tenez r\u00e9guli\u00e8rement au courant. Vous pouvez mettre fin \u00e0 cet abonnement \u00e0 tout moment, par le [&hellip;]<\/p>\n","protected":false},"author":1,"featured_media":448,"parent":0,"menu_order":0,"comment_status":"closed","ping_status":"closed","template":"kontakt.php","meta":{"footnotes":""},"aioseo_notices":[],"_links":{"self":[{"href":"https:\/\/wms-engineering.de\/fr\/wp-json\/wp\/v2\/pages\/98"}],"collection":[{"href":"https:\/\/wms-engineering.de\/fr\/wp-json\/wp\/v2\/pages"}],"about":[{"href":"https:\/\/wms-engineering.de\/fr\/wp-json\/wp\/v2\/types\/page"}],"author":[{"embeddable":true,"href":"https:\/\/wms-engineering.de\/fr\/wp-json\/wp\/v2\/users\/1"}],"replies":[{"embeddable":true,"href":"https:\/\/wms-engineering.de\/fr\/wp-json\/wp\/v2\/comments?post=98"}],"version-history":[{"count":5,"href":"https:\/\/wms-engineering.de\/fr\/wp-json\/wp\/v2\/pages\/98\/revisions"}],"predecessor-version":[{"id":1335,"href":"https:\/\/wms-engineering.de\/fr\/wp-json\/wp\/v2\/pages\/98\/revisions\/1335"}],"wp:featuredmedia":[{"embeddable":true,"href":"https:\/\/wms-engineering.de\/fr\/wp-json\/wp\/v2\/media\/448"}],"wp:attachment":[{"href":"https:\/\/wms-engineering.de\/fr\/wp-json\/wp\/v2\/media?parent=98"}],"curies":[{"name":"wp","href":"https:\/\/api.w.org\/{rel}","templated":true}]}}